{"id":446,"date":"2024-04-10T11:44:23","date_gmt":"2024-04-10T09:44:23","guid":{"rendered":"https:\/\/elliasmeinel.de\/?page_id=446"},"modified":"2025-09-10T14:39:42","modified_gmt":"2025-09-10T12:39:42","slug":"mastering","status":"publish","type":"page","link":"https:\/\/elliasmeinel.de\/en\/mastering\/","title":{"rendered":"Mastering"},"content":{"rendered":"<p>[et_pb_section fb_built=&#8220;1&#8243; _builder_version=&#8220;4.27.4&#8243; _module_preset=&#8220;default&#8220; background_color=&#8220;rgba(0,99,67,0.08)&#8220; custom_padding=&#8220;56px||0px||false|false&#8220; top_divider_style=&#8220;clouds2&#8243; top_divider_color=&#8220;#00625f&#8220; top_divider_height=&#8220;140px&#8220; top_divider_flip=&#8220;vertical|horizontal&#8220; bottom_divider_style=&#8220;clouds2&#8243; bottom_divider_color=&#8220;#00625F&#8220; bottom_divider_height=&#8220;180px&#8220; bottom_divider_repeat=&#8220;1x&#8220; bottom_divider_flip=&#8220;horizontal&#8220; global_colors_info=&#8220;%91%93&#8243;][et_pb_row _builder_version=&#8220;4.27.4&#8243; background_size=&#8220;initial&#8220; background_position=&#8220;top_left&#8220; background_repeat=&#8220;repeat&#8220; min_height=&#8220;840.1px&#8220; custom_padding=&#8220;21px||6px|||&#8220; hover_enabled=&#8220;0&#8243; global_colors_info=&#8220;{}&#8220; custom_padding_last_edited=&#8220;on|phone&#8220; custom_padding_phone=&#8220;121px||||false|false&#8220; sticky_enabled=&#8220;0&#8243; custom_padding_tablet=&#8220;21px||6px|||&#8220;][et_pb_column type=&#8220;4_4&#8243; _builder_version=&#8220;4.16&#8243; custom_padding=&#8220;|||&#8220; global_colors_info=&#8220;{}&#8220; custom_padding__hover=&#8220;|||&#8220;][et_pb_text _builder_version=&#8220;4.27.4&#8243; text_text_color=&#8220;#274042&#8243; header_font=&#8220;|700|||||||&#8220; header_text_color=&#8220;#274042&#8243; header_font_size=&#8220;43px&#8220; background_size=&#8220;initial&#8220; background_position=&#8220;top_left&#8220; background_repeat=&#8220;repeat&#8220; header_font_size_tablet=&#8220;43px&#8220; header_font_size_phone=&#8220;28px&#8220; header_font_size_last_edited=&#8220;on|phone&#8220; global_colors_info=&#8220;{}&#8220;]<\/p>\n<h1 style=\"text-align: center;\"><span style=\"color: #eafdfc;\">Mastering auf H\u00f6chstniveau<\/span><\/h1>\n<p>[\/et_pb_text][et_pb_text _builder_version=&#8220;4.27.4&#8243; _module_preset=&#8220;default&#8220; text_orientation=&#8220;center&#8220; width=&#8220;100%&#8220; max_width=&#8220;77%&#8220; max_width_tablet=&#8220;92%&#8220; max_width_phone=&#8220;92%&#8220; max_width_last_edited=&#8220;on|phone&#8220; module_alignment=&#8220;center&#8220; custom_padding=&#8220;0px|||||&#8220; global_colors_info=&#8220;{}&#8220;]<\/p>\n<p><iframe style=\"border-radius: 12px;\" src=\"https:\/\/open.spotify.com\/embed\/playlist\/2K3YdL9dJ5IU90hySjbmHN?utm_source=generator\" width=\"100%\" height=\"522\" frameborder=\"0\" allowfullscreen=\"\" allow=\"autoplay; clipboard-write; encrypted-media; fullscreen; picture-in-picture\" loading=\"lazy\"><\/iframe><\/p>\n<p>[\/et_pb_text][\/et_pb_column][\/et_pb_row][\/et_pb_section][et_pb_section fb_built=&#8220;1&#8243; custom_padding_last_edited=&#8220;on|phone&#8220; _builder_version=&#8220;4.27.4&#8243; _module_preset=&#8220;default&#8220; background_color=&#8220;#103737&#8243; custom_padding=&#8220;116px||||false|false&#8220; custom_padding_tablet=&#8220;116px||||false|false&#8220; custom_padding_phone=&#8220;0px||||false|false&#8220; top_divider_style=&#8220;arrow&#8220; top_divider_color=&#8220;#00625F&#8220; top_divider_height=&#8220;52px&#8220; top_divider_style_tablet=&#8220;arrow&#8220; top_divider_style_phone=&#8220;arrow&#8220; top_divider_style_last_edited=&#8220;on|phone&#8220; bottom_divider_style=&#8220;arrow&#8220; bottom_divider_color=&#8220;#00625F&#8220; bottom_divider_height=&#8220;52px&#8220; bottom_divider_repeat=&#8220;1x&#8220; bottom_divider_flip=&#8220;vertical&#8220; bottom_divider_height_tablet=&#8220;52px&#8220; bottom_divider_height_phone=&#8220;60px&#8220; bottom_divider_height_last_edited=&#8220;on|phone&#8220; hover_enabled=&#8220;0&#8243; global_colors_info=&#8220;{}&#8220; top_divider_height_last_edited=&#8220;on|phone&#8220; sticky_enabled=&#8220;0&#8243; top_divider_height_phone=&#8220;60px&#8220; top_divider_repeat=&#8220;1x&#8220; top_divider_height_tablet=&#8220;52px&#8220;][et_pb_row _builder_version=&#8220;4.27.4&#8243; _module_preset=&#8220;default&#8220; transform_scale_tablet=&#8220;&#8220; transform_scale_phone=&#8220;92%|92%&#8220; transform_scale_last_edited=&#8220;on|phone&#8220; transform_translate_tablet=&#8220;&#8220; transform_translate_phone=&#8220;&#8220; transform_translate_last_edited=&#8220;on|phone&#8220; transform_rotate_tablet=&#8220;&#8220; transform_rotate_phone=&#8220;&#8220; transform_rotate_last_edited=&#8220;on|phone&#8220; transform_skew_tablet=&#8220;&#8220; transform_skew_phone=&#8220;&#8220; transform_skew_last_edited=&#8220;on|phone&#8220; transform_origin_tablet=&#8220;&#8220; transform_origin_phone=&#8220;&#8220; transform_origin_last_edited=&#8220;on|phone&#8220; transform_styles_last_edited=&#8220;on|phone&#8220; min_height=&#8220;81.9px&#8220; custom_padding=&#8220;136px||53px|||&#8220; transform_styles_tablet=&#8220;&#8220; transform_styles_phone=&#8220;&#8220; locked=&#8220;off&#8220; global_colors_info=&#8220;{}&#8220;][et_pb_column type=&#8220;4_4&#8243; _builder_version=&#8220;4.27.4&#8243; _module_preset=&#8220;default&#8220; global_colors_info=&#8220;{}&#8220;][et_pb_button button_text=&#8220;Song Mastern lassen&#8220; button_alignment=&#8220;center&#8220; button_alignment_tablet=&#8220;center&#8220; button_alignment_phone=&#8220;center&#8220; button_alignment_last_edited=&#8220;on|desktop&#8220; module_id=&#8220;mastering-popup-btn&#8220; _builder_version=&#8220;4.27.4&#8243; _module_preset=&#8220;default&#8220; custom_button=&#8220;on&#8220; button_text_size=&#8220;14px&#8220; button_text_color=&#8220;#103737&#8243; button_bg_color=&#8220;#EAFDFC&#8220; button_bg_enable_image=&#8220;off&#8220; button_border_width=&#8220;4px&#8220; button_border_color=&#8220;#EAFDFC&#8220; button_border_radius=&#8220;13px&#8220; button_letter_spacing=&#8220;2px&#8220; button_font=&#8220;&#8211;et_global_body_font|||on|||||&#8220; button_icon=&#8220;&#xf382;||fa||900&#8243; button_icon_color=&#8220;#103737&#8243; button_icon_placement=&#8220;left&#8220; button_on_hover=&#8220;off&#8220; transform_scale=&#8220;274%|274%&#8220; transform_scale_tablet=&#8220;218%|218%&#8220; transform_scale_phone=&#8220;142%|142%&#8220; transform_scale_last_edited=&#8220;on|desktop&#8220; transform_translate_tablet=&#8220;&#8220; transform_translate_phone=&#8220;0px|17px&#8220; transform_translate_last_edited=&#8220;on|phone&#8220; transform_translate_linked=&#8220;off&#8220; transform_rotate_tablet=&#8220;&#8220; transform_rotate_phone=&#8220;&#8220; transform_rotate_last_edited=&#8220;on|desktop&#8220; transform_skew_tablet=&#8220;&#8220; transform_skew_phone=&#8220;&#8220; transform_skew_last_edited=&#8220;on|tablet&#8220; transform_skew_linked_tablet=&#8220;off&#8220; transform_origin_tablet=&#8220;&#8220; transform_origin_phone=&#8220;&#8220; transform_origin_last_edited=&#8220;on|desktop&#8220; transform_styles_last_edited=&#8220;on|desktop&#8220; custom_margin=&#8220;-87px||||false|false&#8220; custom_margin_tablet=&#8220;-87px||||false|false&#8220; custom_margin_phone=&#8220;-55px||||false|false&#8220; custom_margin_last_edited=&#8220;on|phone&#8220; custom_padding=&#8220;0px||0px||false|false&#8220; button_text_size_tablet=&#8220;14px&#8220; button_text_size_phone=&#8220;11px&#8220; button_text_size_last_edited=&#8220;on|desktop&#8220; button_border_width_tablet=&#8220;4px&#8220; button_border_width_phone=&#8220;4px&#8220; button_border_width_last_edited=&#8220;on|desktop&#8220; transform_styles_tablet=&#8220;&#8220; transform_styles_phone=&#8220;&#8220; global_colors_info=&#8220;{}&#8220; box_shadow_color__hover_enabled=&#8220;on|desktop&#8220; box_shadow_color__hover=&#8220;#103737&#8243; button_border_width__hover_enabled=&#8220;on|hover&#8220; button_border_width__hover=&#8220;4px&#8220; button_bg_color__hover_enabled=&#8220;on|hover&#8220; button_border_radius__hover_enabled=&#8220;on|desktop&#8220; button_bg_color__hover=&#8220;#4ED4C1&#8243; button_border_radius__hover=&#8220;12px&#8220; button_bg_enable_color__hover=&#8220;on&#8220;][\/et_pb_button][\/et_pb_column][\/et_pb_row][\/et_pb_section][et_pb_section fb_built=&#8220;1&#8243; _builder_version=&#8220;4.27.4&#8243; _module_preset=&#8220;default&#8220; use_background_color_gradient=&#8220;on&#8220; background_color_gradient_type=&#8220;elliptical&#8220; background_color_gradient_stops=&#8220;#00625f 0%|#103737 47%&#8220; top_divider_style=&#8220;clouds2&#8243; top_divider_color=&#8220;#00625F&#8220; top_divider_height=&#8220;160px&#8220; top_divider_repeat=&#8220;1x&#8220; top_divider_flip=&#8220;vertical&#8220; top_divider_height_tablet=&#8220;160px&#8220; top_divider_height_phone=&#8220;76px&#8220; top_divider_height_last_edited=&#8220;on|desktop&#8220; global_colors_info=&#8220;{}&#8220;][et_pb_row _builder_version=&#8220;4.27.4&#8243; _module_preset=&#8220;default&#8220; custom_padding=&#8220;83px|||||&#8220; global_colors_info=&#8220;{}&#8220;][et_pb_column type=&#8220;4_4&#8243; _builder_version=&#8220;4.27.4&#8243; _module_preset=&#8220;default&#8220; global_colors_info=&#8220;{}&#8220;][et_pb_text _builder_version=&#8220;4.27.4&#8243; _module_preset=&#8220;default&#8220; global_colors_info=&#8220;{}&#8220;]<\/p>\n<h2>Was ist Mastering?<\/h2>\n<p class=\"p1\"><span style=\"font-size: large;\">Mastering ist der letzte Feinschliff, bevor ein Song ver\u00f6ffentlicht wird. Dabei wird dein <em><span style=\"color: #d7eae9;\">fertiger Mix<\/span><\/em> klanglich optimiert, in der Lautst\u00e4rke angepasst und technisch so vorbereitet, dass er <em><span style=\"color: #d7eae9;\">auf allen Ger\u00e4ten und Plattformen gut klingt<\/span><\/em> \u2013 vom Handy, \u00fcber Kopfh\u00f6rer bis hin zur Clubanlage.<\/span><\/p>\n<p>[\/et_pb_text][et_pb_text _builder_version=&#8220;4.27.4&#8243; _module_preset=&#8220;default&#8220; global_colors_info=&#8220;{}&#8220;]<\/p>\n<h2>Mein Anspruch:<\/h2>\n<p class=\"p1\">Von mir werden nur Songs gemastert, die den <span style=\"color: #d7eae9;\"><em>Industriestandard<\/em><\/span> erf\u00fcllen.<\/p>\n<p class=\"p1\">Nachdem du mir deinen fertigen Mix geschickt hast, bekommst du innerhalb von 24h die R\u00fcckmeldung, ob ich den Song mastern werde.<\/p>\n<p class=\"p1\">\n<p class=\"p1\">Ich habe ich es mir zur Aufgabe gemacht independent Artists und Produzierenden mit meinem <em><span style=\"color: #d7eae9;\">gezielten Feedback<\/span><\/em> dazu zu verhelfen auf das Top-Level zu kommen und zu jedem Master Einblicke in den Prozess zu liefern, dass jede:r es nach einem Master selbst machen kann.<\/p>\n<p class=\"p1\">\n<p>[\/et_pb_text][\/et_pb_column][\/et_pb_row][\/et_pb_section][et_pb_section fb_built=&#8220;1&#8243; _builder_version=&#8220;4.27.4&#8243; background_color=&#8220;#103737&#8243; use_background_color_gradient=&#8220;on&#8220; background_color_gradient_stops=&#8220;#00625f 0%|#4a8274 100%&#8220; custom_margin=&#8220;-50px||||false|false&#8220; custom_padding=&#8220;74px||124px|||&#8220; top_divider_style=&#8220;clouds2&#8243; top_divider_color=&#8220;#103737&#8243; top_divider_height=&#8220;126px&#8220; top_divider_repeat=&#8220;1x&#8220; bottom_divider_style=&#8220;clouds2&#8243; bottom_divider_color=&#8220;#274042&#8243; global_colors_info=&#8220;%91%93&#8243;][et_pb_row column_structure=&#8220;1_3,1_3,1_3&#8243; _builder_version=&#8220;4.27.4&#8243; _module_preset=&#8220;default&#8220; min_height=&#8220;313.5px&#8220; global_colors_info=&#8220;{}&#8220;][et_pb_column type=&#8220;1_3&#8243; _builder_version=&#8220;4.27.4&#8243; _module_preset=&#8220;default&#8220; global_colors_info=&#8220;{}&#8220;][et_pb_video_slider _builder_version=&#8220;4.27.4&#8243; _module_preset=&#8220;default&#8220; global_colors_info=&#8220;{}&#8220;][et_pb_video_slider_item src=&#8220;https:\/\/youtu.be\/Lacj9jX2Yeo&#8220; _builder_version=&#8220;4.27.4&#8243; _module_preset=&#8220;default&#8220; global_colors_info=&#8220;{}&#8220; show_image_overlay=&#8220;off&#8220;][\/et_pb_video_slider_item][\/et_pb_video_slider][\/et_pb_column][et_pb_column type=&#8220;1_3&#8243; _builder_version=&#8220;4.27.4&#8243; _module_preset=&#8220;default&#8220; global_colors_info=&#8220;{}&#8220;][et_pb_video src=&#8220;https:\/\/youtu.be\/TVpfpWMImZs&#8220; _builder_version=&#8220;4.27.4&#8243; _module_preset=&#8220;default&#8220; global_colors_info=&#8220;{}&#8220;][\/et_pb_video][\/et_pb_column][et_pb_column type=&#8220;1_3&#8243; _builder_version=&#8220;4.27.4&#8243; _module_preset=&#8220;default&#8220; global_colors_info=&#8220;{}&#8220;][et_pb_video_slider _builder_version=&#8220;4.27.4&#8243; _module_preset=&#8220;default&#8220; global_colors_info=&#8220;{}&#8220;][et_pb_video_slider_item src=&#8220;https:\/\/youtu.be\/IAj5AF8N_Q8&#8243; _builder_version=&#8220;4.27.4&#8243; _module_preset=&#8220;default&#8220; global_colors_info=&#8220;{}&#8220; show_image_overlay=&#8220;off&#8220;][\/et_pb_video_slider_item][\/et_pb_video_slider][\/et_pb_column][\/et_pb_row][et_pb_row column_structure=&#8220;1_3,1_3,1_3&#8243; _builder_version=&#8220;4.27.4&#8243; _module_preset=&#8220;default&#8220; global_colors_info=&#8220;{}&#8220;][et_pb_column type=&#8220;1_3&#8243; _builder_version=&#8220;4.27.4&#8243; _module_preset=&#8220;default&#8220; global_colors_info=&#8220;{}&#8220;][et_pb_pricing_tables featured_table_text_color=&#8220;#00E692&#8243; show_bullet=&#8220;off&#8220; featured_table_price_background_color=&#8220;#00625F&#8220; _builder_version=&#8220;4.27.4&#8243; _module_preset=&#8220;default&#8220; body_font_size=&#8220;21px&#8220; custom_button=&#8220;on&#8220; button_text_size=&#8220;26px&#8220; button_text_color=&#8220;#103737&#8243; text_orientation=&#8220;center&#8220; border_radii=&#8220;on|16px|16px|16px|16px&#8220; border_width_all=&#8220;3px&#8220; border_color_all=&#8220;#00625F&#8220; global_colors_info=&#8220;{}&#8220; featured_table_header_background_color__hover_enabled=&#8220;on|desktop&#8220;][et_pb_pricing_table title=&#8220;Mastering&#8220; subtitle=&#8220;Einer .WAV-Datei&#8220; sum=&#8220;150\u20ac&#8220; bullet_color=&#8220;RGBA(255,255,255,0)&#8220; price_background_color=&#8220;#e3fcf4&#8243; header_background_color=&#8220;#99e5cc&#8220; _builder_version=&#8220;4.27.4&#8243; _module_preset=&#8220;default&#8220; price_text_color=&#8220;#103737&#8243; header_font=&#8220;|||on|||||&#8220; header_text_color=&#8220;#103737&#8243; body_font=&#8220;&#8211;et_global_body_font||||||||&#8220; body_text_align=&#8220;left&#8220; body_text_color=&#8220;#103737&#8243; body_font_size=&#8220;21px&#8220; body_letter_spacing=&#8220;2px&#8220; body_line_height=&#8220;1.2em&#8220; subheader_text_color=&#8220;#006D75&#8243; excluded_text_color=&#8220;RGBA(255,255,255,0)&#8220; body_ul_font=&#8220;&#8211;et_global_body_font||||||||&#8220; background_color=&#8220;#99e5cc&#8220; background_enable_color=&#8220;on&#8220; price_text_shadow_style=&#8220;preset5&#8243; price_text_shadow_horizontal_length=&#8220;0.04em&#8220; price_text_shadow_vertical_length=&#8220;0.04em&#8220; global_colors_info=&#8220;{}&#8220; sticky_transition=&#8220;on&#8220;]<\/p>\n<p style=\"text-align: left;\">Feedback, um deinen Mix auf Industrie standard zu bringen<\/p>\n<p style=\"text-align: left;\">Einblicke in den Mastering Prozess per Video.<\/p>\n<p style=\"text-align: left;\">Digital geliefert als .WAV und .MP3<\/p>\n<p>[\/et_pb_pricing_table][\/et_pb_pricing_tables][\/et_pb_column][et_pb_column type=&#8220;1_3&#8243; _builder_version=&#8220;4.27.4&#8243; _module_preset=&#8220;default&#8220; global_colors_info=&#8220;{}&#8220;][et_pb_pricing_tables show_bullet=&#8220;off&#8220; featured_table_price_background_color=&#8220;#00625F&#8220; _builder_version=&#8220;4.27.4&#8243; _module_preset=&#8220;default&#8220; body_font_size=&#8220;21px&#8220; custom_button=&#8220;on&#8220; button_text_size=&#8220;26px&#8220; button_text_color=&#8220;#103737&#8243; text_orientation=&#8220;center&#8220; border_radii=&#8220;on|16px|16px|16px|16px&#8220; border_width_all=&#8220;3px&#8220; border_color_all=&#8220;#00625F&#8220; global_colors_info=&#8220;{}&#8220; featured_table_header_background_color__hover_enabled=&#8220;on|desktop&#8220;][et_pb_pricing_table title=&#8220;Re-Mastering&#8220; subtitle=&#8220;Einer .MP3- oder .WAV-Datei&#8220; sum=&#8220;500\u20ac&#8220; bullet_color=&#8220;RGBA(255,255,255,0)&#8220; price_background_color=&#8220;#e3fcf4&#8243; header_background_color=&#8220;#99e5cc&#8220; _builder_version=&#8220;4.27.4&#8243; _module_preset=&#8220;default&#8220; price_text_color=&#8220;#103737&#8243; header_font=&#8220;|||on|||||&#8220; header_text_color=&#8220;#103737&#8243; body_font=&#8220;&#8211;et_global_body_font||||||||&#8220; body_text_align=&#8220;left&#8220; body_text_color=&#8220;#103737&#8243; body_font_size=&#8220;21px&#8220; body_letter_spacing=&#8220;2px&#8220; body_line_height=&#8220;1.2em&#8220; subheader_text_color=&#8220;#006D75&#8243; excluded_text_color=&#8220;RGBA(255,255,255,0)&#8220; body_ul_font=&#8220;&#8211;et_global_body_font||||||||&#8220; background_color=&#8220;#99e5cc&#8220; background_enable_color=&#8220;on&#8220; price_text_shadow_style=&#8220;preset5&#8243; price_text_shadow_horizontal_length=&#8220;0.04em&#8220; price_text_shadow_vertical_length=&#8220;0.04em&#8220; global_colors_info=&#8220;{}&#8220; sticky_transition=&#8220;on&#8220;]<\/p>\n<p style=\"text-align: left;\">Aufbereitung einer Audio durch das KI basierte neu Extrahieren einzelner Elemente<\/p>\n<p style=\"text-align: left;\">Einblicke in den Mastering Prozess per Video.<\/p>\n<p style=\"text-align: left;\">Digital geliefert als .WAV und .MP3<\/p>\n<p>[\/et_pb_pricing_table][\/et_pb_pricing_tables][\/et_pb_column][et_pb_column type=&#8220;1_3&#8243; _builder_version=&#8220;4.27.4&#8243; _module_preset=&#8220;default&#8220; global_colors_info=&#8220;{}&#8220;][et_pb_pricing_tables show_bullet=&#8220;off&#8220; featured_table_price_background_color=&#8220;#00625F&#8220; _builder_version=&#8220;4.27.4&#8243; _module_preset=&#8220;default&#8220; body_font_size=&#8220;21px&#8220; custom_button=&#8220;on&#8220; button_text_size=&#8220;26px&#8220; button_text_color=&#8220;#103737&#8243; text_orientation=&#8220;center&#8220; border_radii=&#8220;on|16px|16px|16px|16px&#8220; border_width_all=&#8220;3px&#8220; border_color_all=&#8220;#00625F&#8220; global_colors_info=&#8220;{}&#8220; featured_table_header_background_color__hover_enabled=&#8220;on|desktop&#8220;][et_pb_pricing_table title=&#8220;Stem-Mastering&#8220; subtitle=&#8220;Bis zu 10 Stems&#8220; sum=&#8220;1.000\u20ac&#8220; bullet_color=&#8220;RGBA(255,255,255,0)&#8220; price_background_color=&#8220;#e3fcf4&#8243; header_background_color=&#8220;#99e5cc&#8220; _builder_version=&#8220;4.27.4&#8243; _module_preset=&#8220;default&#8220; price_text_color=&#8220;#103737&#8243; header_font=&#8220;|||on|||||&#8220; header_text_color=&#8220;#103737&#8243; body_font=&#8220;&#8211;et_global_body_font||||||||&#8220; body_text_align=&#8220;left&#8220; body_text_color=&#8220;#103737&#8243; body_font_size=&#8220;21px&#8220; body_letter_spacing=&#8220;2px&#8220; body_line_height=&#8220;1.2em&#8220; subheader_text_color=&#8220;#006D75&#8243; excluded_text_color=&#8220;RGBA(255,255,255,0)&#8220; body_ul_font=&#8220;&#8211;et_global_body_font||||||||&#8220; background_color=&#8220;#99e5cc&#8220; background_enable_color=&#8220;on&#8220; price_text_shadow_style=&#8220;preset5&#8243; price_text_shadow_horizontal_length=&#8220;0.04em&#8220; price_text_shadow_vertical_length=&#8220;0.04em&#8220; global_colors_info=&#8220;{}&#8220; currency__hover_enabled=&#8220;off|desktop&#8220; sticky_transition=&#8220;on&#8220;]<\/p>\n<p style=\"text-align: left;\">Umsetzung deiner Song Vision durch einen Stem-Mix und Master.<\/p>\n<p style=\"text-align: left;\">Einblicke in den Mastering Prozess per Video.<\/p>\n<p style=\"text-align: left;\">Digital geliefert als .WAV und .MP3<\/p>\n<p>[\/et_pb_pricing_table][\/et_pb_pricing_tables][\/et_pb_column][\/et_pb_row][et_pb_row custom_padding_last_edited=&#8220;on|desktop&#8220; _builder_version=&#8220;4.27.4&#8243; _module_preset=&#8220;default&#8220; transform_scale_tablet=&#8220;&#8220; transform_scale_phone=&#8220;&#8220; transform_scale_last_edited=&#8220;on|desktop&#8220; transform_translate_tablet=&#8220;&#8220; transform_translate_phone=&#8220;&#8220; transform_translate_last_edited=&#8220;on|phone&#8220; transform_rotate_tablet=&#8220;&#8220; transform_rotate_phone=&#8220;&#8220; transform_rotate_last_edited=&#8220;on|phone&#8220; transform_skew_tablet=&#8220;&#8220; transform_skew_phone=&#8220;&#8220; transform_skew_last_edited=&#8220;on|phone&#8220; transform_origin_tablet=&#8220;&#8220; transform_origin_phone=&#8220;&#8220; transform_origin_last_edited=&#8220;on|phone&#8220; transform_styles_last_edited=&#8220;on|desktop&#8220; min_height=&#8220;53px&#8220; custom_padding=&#8220;100px||53px|||&#8220; custom_padding_tablet=&#8220;100px||53px|||&#8220; custom_padding_phone=&#8220;52px||53px||false|false&#8220; transform_styles_tablet=&#8220;&#8220; transform_styles_phone=&#8220;&#8220; locked=&#8220;off&#8220; global_colors_info=&#8220;{}&#8220;][et_pb_column type=&#8220;4_4&#8243; _builder_version=&#8220;4.27.4&#8243; _module_preset=&#8220;default&#8220; global_colors_info=&#8220;{}&#8220;][et_pb_button button_text=&#8220;Song Mastern lassen&#8220; button_alignment=&#8220;center&#8220; button_alignment_tablet=&#8220;center&#8220; button_alignment_phone=&#8220;center&#8220; button_alignment_last_edited=&#8220;on|desktop&#8220; module_id=&#8220;mastering-popup-btn&#8220; _builder_version=&#8220;4.27.4&#8243; _module_preset=&#8220;default&#8220; custom_button=&#8220;on&#8220; button_text_size=&#8220;14px&#8220; button_text_color=&#8220;#103737&#8243; button_bg_color=&#8220;#EAFDFC&#8220; button_bg_enable_image=&#8220;off&#8220; button_border_width=&#8220;4px&#8220; button_border_color=&#8220;#EAFDFC&#8220; button_border_radius=&#8220;13px&#8220; button_letter_spacing=&#8220;2px&#8220; button_font=&#8220;&#8211;et_global_body_font|||on|||||&#8220; button_icon=&#8220;&#xf382;||fa||900&#8243; button_icon_color=&#8220;#103737&#8243; button_icon_placement=&#8220;left&#8220; button_on_hover=&#8220;off&#8220; transform_scale=&#8220;274%|274%&#8220; transform_scale_tablet=&#8220;218%|218%&#8220; transform_scale_phone=&#8220;142%|142%&#8220; transform_scale_last_edited=&#8220;on|desktop&#8220; transform_translate_tablet=&#8220;&#8220; transform_translate_phone=&#8220;0px|0px&#8220; transform_translate_last_edited=&#8220;on|phone&#8220; transform_translate_linked=&#8220;off&#8220; transform_rotate_tablet=&#8220;&#8220; transform_rotate_phone=&#8220;&#8220; transform_rotate_last_edited=&#8220;on|desktop&#8220; transform_skew_tablet=&#8220;&#8220; transform_skew_phone=&#8220;&#8220; transform_skew_last_edited=&#8220;on|tablet&#8220; transform_skew_linked_tablet=&#8220;off&#8220; transform_origin_tablet=&#8220;&#8220; transform_origin_phone=&#8220;&#8220; transform_origin_last_edited=&#8220;on|desktop&#8220; transform_styles_last_edited=&#8220;on|desktop&#8220; custom_margin=&#8220;-21px||||false|false&#8220; button_text_size_tablet=&#8220;14px&#8220; button_text_size_phone=&#8220;11px&#8220; button_text_size_last_edited=&#8220;on|desktop&#8220; button_border_width_tablet=&#8220;4px&#8220; button_border_width_phone=&#8220;4px&#8220; button_border_width_last_edited=&#8220;on|desktop&#8220; transform_styles_tablet=&#8220;&#8220; transform_styles_phone=&#8220;&#8220; simpay_payment_form=&#8220;0&#8243; global_colors_info=&#8220;{}&#8220; box_shadow_color__hover_enabled=&#8220;on|desktop&#8220; box_shadow_color__hover=&#8220;#103737&#8243; button_border_width__hover_enabled=&#8220;on|hover&#8220; button_border_width__hover=&#8220;4px&#8220; button_bg_color__hover_enabled=&#8220;on|hover&#8220; button_border_radius__hover_enabled=&#8220;on|desktop&#8220; button_bg_color__hover=&#8220;#4ED4C1&#8243; button_border_radius__hover=&#8220;12px&#8220; button_bg_enable_color__hover=&#8220;on&#8220;][\/et_pb_button][\/et_pb_column][\/et_pb_row][\/et_pb_section]<\/p>\n","protected":false},"excerpt":{"rendered":"<p>Mastering auf H\u00f6chstniveauWas ist Mastering? Mastering ist der letzte Feinschliff, bevor ein Song ver\u00f6ffentlicht wird. Dabei wird dein fertiger Mix klanglich optimiert, in der Lautst\u00e4rke angepasst und technisch so vorbereitet, dass er auf allen Ger\u00e4ten und Plattformen gut klingt \u2013 vom Handy, \u00fcber Kopfh\u00f6rer bis hin zur Clubanlage.Mein Anspruch: Von mir werden nur Songs gemastert, [&hellip;]<\/p>\n","protected":false},"author":1,"featured_media":0,"parent":0,"menu_order":0,"comment_status":"closed","ping_status":"closed","template":"","meta":{"_et_pb_use_builder":"on","_et_pb_old_content":"","_et_gb_content_width":"","footnotes":""},"class_list":["post-446","page","type-page","status-publish","hentry"],"_links":{"self":[{"href":"https:\/\/elliasmeinel.de\/en\/wp-json\/wp\/v2\/pages\/446","targetHints":{"allow":["GET"]}}],"collection":[{"href":"https:\/\/elliasmeinel.de\/en\/wp-json\/wp\/v2\/pages"}],"about":[{"href":"https:\/\/elliasmeinel.de\/en\/wp-json\/wp\/v2\/types\/page"}],"author":[{"embeddable":true,"href":"https:\/\/elliasmeinel.de\/en\/wp-json\/wp\/v2\/users\/1"}],"replies":[{"embeddable":true,"href":"https:\/\/elliasmeinel.de\/en\/wp-json\/wp\/v2\/comments?post=446"}],"version-history":[{"count":59,"href":"https:\/\/elliasmeinel.de\/en\/wp-json\/wp\/v2\/pages\/446\/revisions"}],"predecessor-version":[{"id":1982,"href":"https:\/\/elliasmeinel.de\/en\/wp-json\/wp\/v2\/pages\/446\/revisions\/1982"}],"wp:attachment":[{"href":"https:\/\/elliasmeinel.de\/en\/wp-json\/wp\/v2\/media?parent=446"}],"curies":[{"name":"wp","href":"https:\/\/api.w.org\/{rel}","templated":true}]}}