{"id":453,"date":"2024-04-10T11:51:09","date_gmt":"2024-04-10T09:51:09","guid":{"rendered":"https:\/\/elliasmeinel.de\/?page_id=453"},"modified":"2025-07-30T17:30:14","modified_gmt":"2025-07-30T15:30:14","slug":"ellias","status":"publish","type":"page","link":"https:\/\/elliasmeinel.de\/en\/projekte\/ellias\/","title":{"rendered":"Ellias"},"content":{"rendered":"<p>[et_pb_section fb_built=&#8220;1&#8243; _builder_version=&#8220;4.27.4&#8243; _module_preset=&#8220;default&#8220; custom_padding=&#8220;3px||3px|||&#8220; bottom_divider_style=&#8220;wave2&#8243; bottom_divider_color=&#8220;#274042&#8243; bottom_divider_height=&#8220;49px&#8220; bottom_divider_flip=&#8220;horizontal&#8220; global_colors_info=&#8220;{}&#8220; background_color=&#8220;#1F9B97&#8243; hover_enabled=&#8220;0&#8243; sticky_enabled=&#8220;0&#8243;][et_pb_row _builder_version=&#8220;4.24.3&#8243; _module_preset=&#8220;default&#8220; global_colors_info=&#8220;{}&#8220;][et_pb_column type=&#8220;4_4&#8243; _builder_version=&#8220;4.24.3&#8243; _module_preset=&#8220;default&#8220; global_colors_info=&#8220;{}&#8220;][et_pb_text _builder_version=&#8220;4.27.4&#8243; _module_preset=&#8220;default&#8220; header_text_color=&#8220;#274042&#8243; custom_margin=&#8220;||-5px||false|false&#8220; global_colors_info=&#8220;{}&#8220; custom_padding=&#8220;||8px||false|false&#8220; custom_margin_last_edited=&#8220;on|phone&#8220; hover_enabled=&#8220;0&#8243; sticky_enabled=&#8220;0&#8243; custom_margin_tablet=&#8220;||-5px||false|false&#8220; custom_margin_phone=&#8220;||-5px||false|false&#8220;]<\/p>\n<h1><span style=\"color: #eafdfc;\">Ellias<\/span><\/h1>\n<p>[\/et_pb_text][et_pb_social_media_follow _builder_version=&#8220;4.27.4&#8243; _module_preset=&#8220;default&#8220; text_orientation=&#8220;left&#8220; background_layout=&#8220;dark&#8220; custom_margin_last_edited=&#8220;on|phone&#8220; custom_padding=&#8220;||||false|false&#8220; global_colors_info=&#8220;{}&#8220; hover_enabled=&#8220;0&#8243; sticky_enabled=&#8220;0&#8243; border_radii=&#8220;on|5px|5px|5px|5px&#8220;][et_pb_social_media_follow_network social_network=&#8220;instagram&#8220; url=&#8220;https:\/\/www.instagram.com\/ellias.music\/&#8220; _builder_version=&#8220;4.24.3&#8243; _module_preset=&#8220;default&#8220; background_color=&#8220;#006C74&#8243; background_enable_color=&#8220;on&#8220; global_colors_info=&#8220;{}&#8220; follow_button=&#8220;off&#8220; url_new_window=&#8220;on&#8220;]instagram[\/et_pb_social_media_follow_network][et_pb_social_media_follow_network social_network=&#8220;spotify&#8220; url=&#8220;https:\/\/open.spotify.com\/artist\/3nILAADv9lqb3zikQoncFg?si=ynAiOxz5QyCW1gKUyuojcw&#8220; _builder_version=&#8220;4.24.3&#8243; _module_preset=&#8220;default&#8220; background_color=&#8220;#006C74&#8243; background_enable_color=&#8220;on&#8220; global_colors_info=&#8220;{}&#8220; follow_button=&#8220;off&#8220; url_new_window=&#8220;on&#8220;]spotify[\/et_pb_social_media_follow_network][et_pb_social_media_follow_network social_network=&#8220;bandcamp&#8220; url=&#8220;https:\/\/ellias.bandcamp.com\/&#8220; _builder_version=&#8220;4.27.0&#8243; _module_preset=&#8220;default&#8220; background_color=&#8220;#006C74&#8243; background_enable_color=&#8220;on&#8220; global_colors_info=&#8220;{}&#8220; follow_button=&#8220;off&#8220; url_new_window=&#8220;on&#8220;]bandcamp[\/et_pb_social_media_follow_network][\/et_pb_social_media_follow][\/et_pb_column][\/et_pb_row][\/et_pb_section][et_pb_section fb_built=&#8220;1&#8243; _builder_version=&#8220;4.27.4&#8243; _module_preset=&#8220;default&#8220; custom_padding=&#8220;0px|||||&#8220; global_colors_info=&#8220;%91%93&#8243; hover_enabled=&#8220;0&#8243; sticky_enabled=&#8220;0&#8243;][et_pb_row column_structure=&#8220;1_2,1_2&#8243; _builder_version=&#8220;4.24.3&#8243; _module_preset=&#8220;default&#8220; custom_padding=&#8220;62px|||||&#8220; global_colors_info=&#8220;{}&#8220;][et_pb_column type=&#8220;1_2&#8243; _builder_version=&#8220;4.24.3&#8243; _module_preset=&#8220;default&#8220; global_colors_info=&#8220;{}&#8220;][et_pb_text _builder_version=&#8220;4.27.4&#8243; _module_preset=&#8220;default&#8220; global_colors_info=&#8220;{}&#8220;]<\/p>\n<p>Willkommen im musikalischen Universum von Ellias!<br \/>Dieses Projekt entstand als Erweiterung zu meinem bekannten Alias <a href=\"https:\/\/elliasmeinel.de\/projekte\/snoozy-booth\/\">Snoozy Booth<\/a>. W\u00e4hrend ich mich dort auf Lo-Fi Videogame Cover Songs konzentriere, dreht sich hier alles um originalen Neo Soul und Lo-Fi Jazz.<\/p>\n<p>F\u00fcr das Art Design ist Pati verantwortlich, die seit 2021 Teil des LFS-Teams ist. Sie konzeptioniert und zeichnet f\u00fcr jeden Release von Ellias einzigartige Art Cover mit Procreate und entwickelt so die Lore des Charakters <a href=\"https:\/\/elliasmeinel.de\/wp-content\/uploads\/2024\/08\/klein-neu-website-maedchen.png\">Lumi Gelastria<\/a> und ihres treuen Begleiters Mr. Wobbles weiter. Falls euch ihre Arbeit gef\u00e4llt und mit ihr zusammenarbeiten wollt, dann schriebt ihr auf <a href=\"https:\/\/www.tiktok.com\/@o0patis_art0o\" target=\"_blank\" rel=\"noopener\">TikTok<\/a>, <a href=\"https:\/\/www.instagram.com\/o0patis_art0o\/\" target=\"_blank\" rel=\"noopener\">Instagram<\/a> oder \u00fcber mein Kontaktformular mit dem Betreff &#8222;Pati&#8220;.<\/p>\n<p>Gemeinsam mit meinem Drummer und guten Freund <a href=\"https:\/\/www.instagram.com\/yannick.schewedrums\/\" target=\"_blank\" rel=\"noopener\">Yannick Schewe<\/a> schreibe und nehme ich alle Songs direkt mit Audio auf, ohne, wie Fr\u00fcher auf Midi-Tricks zur\u00fcckzugreifen. Dadurch erm\u00f6glicht mir das Projekt meine F\u00e4higkeiten am <a href=\"https:\/\/elliasmeinel.de\/projekte\/instrumente\/\">Klavier, der Gitarre und am Bass<\/a> kontinuierlich zu verbessern.<\/p>\n<p>Es hat sieben Jahre gedauert, das Genre Neo Soul f\u00fcr mich zu entdecken. Seitdem setze ich mich intensiv mit Musiktheorie, Gitarre, Klavier und Bass auseinander, um herauszufinden, was mich am Sound vom Neo Soul so fasziniert. Dabei unterst\u00fctzen mich meine gro\u00dfartigen Lehrer <a href=\"https:\/\/www.instagram.com\/johannes_bigge\/\" target=\"_blank\" rel=\"noopener\">Johannes Bigge<\/a>, <a href=\"https:\/\/www.andreaswendland.de\/\" target=\"_blank\" rel=\"noopener\">Andreas Wendland<\/a>, Stefan Gl\u00fcck aber auch Idole wie <a href=\"https:\/\/www.youtube.com\/watch?v=vvmzXv61FQk\" target=\"_blank\" rel=\"noopener\">Lucas Calebe<\/a>, <a href=\"https:\/\/www.youtube.com\/watch?v=JOKxzzciYi8&amp;t=404s\" target=\"_blank\" rel=\"noopener\">Jamal Hartwell<\/a>, <a href=\"https:\/\/www.youtube.com\/@NoahKellman\" target=\"_blank\" rel=\"noopener\">Noah Kellman<\/a> und <a href=\"https:\/\/www.instagram.com\/toshikisoejima\/\" target=\"_blank\" rel=\"noopener\">Toshiki Soejima<\/a>.<\/p>\n<p>Schon auf meinem ersten Lo-Fi Jazz Album habe ich mit herausragenden Musiker:innen wie <a href=\"https:\/\/www.instagram.com\/yannick.schewe\/?hl=de\" target=\"_blank\" rel=\"noopener\">Yannick Schewe<\/a> an den Drums, <a href=\"https:\/\/www.instagram.com\/celi_j.sax\/?hl=de\" target=\"_blank\" rel=\"noopener\">Celia Jentzsch<\/a> am Saxophon, Cathi Wiswesser an der Querfl\u00f6te und <a href=\"https:\/\/www.andreaswendland.de\/\" target=\"_blank\" rel=\"noopener\">Andreas Wendland<\/a> an der Gitarre zusammengearbeitet, w\u00e4hrend ich mich um das Recording und die \u00fcbrige Produktion k\u00fcmmerte. Diese Zusammenarbeit er\u00f6ffnete mir nicht nur neue kreative Horizonte, sondern zwang mich auch dazu, Noten f\u00fcr andere Instrumentalisten zu transkribieren und dadurch mein Musikverst\u00e4ndnis weiter zu vertiefen.<\/p>\n<p>Mein derzeitiges Ziel ist es eine Vielzahl an Neo Soul Songs selbst oder \u00fcber verschiedene Indie-Labels zu ver\u00f6ffentlichen, um damit das Genre besser zu verstehen. Ich strebe danach, Teil einer inspirierenden Gemeinschaft von K\u00fcnstler:innen zu sein und in den n\u00e4chsten Jahren meine Idole zu meinen Feature-G\u00e4ste zu machen.<\/p>\n<p><span><\/span><\/p>\n<p>[\/et_pb_text][\/et_pb_column][et_pb_column type=&#8220;1_2&#8243; _builder_version=&#8220;4.24.3&#8243; _module_preset=&#8220;default&#8220; global_colors_info=&#8220;{}&#8220;][et_pb_text _builder_version=&#8220;4.27.4&#8243; _module_preset=&#8220;default&#8220; global_colors_info=&#8220;{}&#8220;]<iframe style=\"border-radius: 12px;\" src=\"https:\/\/open.spotify.com\/embed\/artist\/3nILAADv9lqb3zikQoncFg?utm_source=generator&#038;theme=0\" width=\"100%\" height=\"730\" frameborder=\"0\" allowfullscreen=\"\" allow=\"autoplay; clipboard-write; encrypted-media; fullscreen; picture-in-picture\" loading=\"lazy\"><\/iframe>[\/et_pb_text][\/et_pb_column][\/et_pb_row][\/et_pb_section]<\/p>\n","protected":false},"excerpt":{"rendered":"<p>ElliasWillkommen im musikalischen Universum von Ellias!Dieses Projekt entstand als Erweiterung zu meinem bekannten Alias Snoozy Booth. W\u00e4hrend ich mich dort auf Lo-Fi Videogame Cover Songs konzentriere, dreht sich hier alles um originalen Neo Soul und Lo-Fi Jazz. F\u00fcr das Art Design ist Pati verantwortlich, die seit 2021 Teil des LFS-Teams ist. Sie konzeptioniert und zeichnet [&hellip;]<\/p>\n","protected":false},"author":1,"featured_media":0,"parent":449,"menu_order":0,"comment_status":"closed","ping_status":"closed","template":"","meta":{"_et_pb_use_builder":"on","_et_pb_old_content":"","_et_gb_content_width":"","footnotes":""},"class_list":["post-453","page","type-page","status-publish","hentry"],"_links":{"self":[{"href":"https:\/\/elliasmeinel.de\/en\/wp-json\/wp\/v2\/pages\/453","targetHints":{"allow":["GET"]}}],"collection":[{"href":"https:\/\/elliasmeinel.de\/en\/wp-json\/wp\/v2\/pages"}],"about":[{"href":"https:\/\/elliasmeinel.de\/en\/wp-json\/wp\/v2\/types\/page"}],"author":[{"embeddable":true,"href":"https:\/\/elliasmeinel.de\/en\/wp-json\/wp\/v2\/users\/1"}],"replies":[{"embeddable":true,"href":"https:\/\/elliasmeinel.de\/en\/wp-json\/wp\/v2\/comments?post=453"}],"version-history":[{"count":20,"href":"https:\/\/elliasmeinel.de\/en\/wp-json\/wp\/v2\/pages\/453\/revisions"}],"predecessor-version":[{"id":1781,"href":"https:\/\/elliasmeinel.de\/en\/wp-json\/wp\/v2\/pages\/453\/revisions\/1781"}],"up":[{"embeddable":true,"href":"https:\/\/elliasmeinel.de\/en\/wp-json\/wp\/v2\/pages\/449"}],"wp:attachment":[{"href":"https:\/\/elliasmeinel.de\/en\/wp-json\/wp\/v2\/media?parent=453"}],"curies":[{"name":"wp","href":"https:\/\/api.w.org\/{rel}","templated":true}]}}