{"id":456,"date":"2024-04-10T11:51:40","date_gmt":"2024-04-10T09:51:40","guid":{"rendered":"https:\/\/elliasmeinel.de\/?page_id=456"},"modified":"2025-07-30T17:42:24","modified_gmt":"2025-07-30T15:42:24","slug":"instrumente","status":"publish","type":"page","link":"https:\/\/elliasmeinel.de\/en\/projekte\/instrumente\/","title":{"rendered":"Instrumentalism"},"content":{"rendered":"<p>[et_pb_section fb_built=&#8220;1&#8243; _builder_version=&#8220;4.27.4&#8243; _module_preset=&#8220;default&#8220; background_color=&#8220;#1F9B97&#8243; custom_padding=&#8220;3px||3px|||&#8220; bottom_divider_style=&#8220;wave2&#8243; bottom_divider_color=&#8220;#274042&#8243; bottom_divider_height=&#8220;49px&#8220; bottom_divider_flip=&#8220;horizontal&#8220; hover_enabled=&#8220;0&#8243; global_colors_info=&#8220;%91%93&#8243; sticky_enabled=&#8220;0&#8243;][et_pb_row _builder_version=&#8220;4.27.4&#8243; _module_preset=&#8220;default&#8220; custom_padding=&#8220;60px|||||&#8220; hover_enabled=&#8220;0&#8243; global_colors_info=&#8220;{}&#8220; sticky_enabled=&#8220;0&#8243;][et_pb_column type=&#8220;4_4&#8243; _builder_version=&#8220;4.24.3&#8243; _module_preset=&#8220;default&#8220; global_colors_info=&#8220;{}&#8220;][et_pb_text _builder_version=&#8220;4.27.4&#8243; _module_preset=&#8220;default&#8220; header_text_color=&#8220;#274042&#8243; custom_margin=&#8220;||45px|||&#8220; hover_enabled=&#8220;0&#8243; global_colors_info=&#8220;{}&#8220; header_font_size_last_edited=&#8220;on|desktop&#8220; header_font_size_phone=&#8220;29px&#8220; sticky_enabled=&#8220;0&#8243;]<\/p>\n<h1><span style=\"color: #eafdfc;\">Instrumente<\/span><\/h1>\n<p>[\/et_pb_text][\/et_pb_column][\/et_pb_row][\/et_pb_section][et_pb_section fb_built=&#8220;1&#8243; _builder_version=&#8220;4.24.3&#8243; _module_preset=&#8220;default&#8220; custom_padding=&#8220;0px|||||&#8220; global_colors_info=&#8220;%91%93&#8243;][et_pb_row column_structure=&#8220;1_2,1_2&#8243; _builder_version=&#8220;4.24.3&#8243; _module_preset=&#8220;default&#8220; global_colors_info=&#8220;{}&#8220;][et_pb_column type=&#8220;1_2&#8243; _builder_version=&#8220;4.24.3&#8243; _module_preset=&#8220;default&#8220; global_colors_info=&#8220;{}&#8220;][et_pb_text _builder_version=&#8220;4.24.3&#8243; _module_preset=&#8220;default&#8220; global_colors_info=&#8220;{}&#8220;]<\/p>\n<p><span>Als Kind hatte ich keine guten Erfahrungen mit der Musikschule in meiner Heimatstadt Plauen. Nach zwei ohrenbet\u00e4ubenden Jahren Blockfl\u00f6te konnte ich meine Mom zumindest \u00fcberzeugen mich f\u00fcr Gitarre anzumelden. Das Problem war jedoch, dass ich mich mit meiner Oma und noch einer anderen Sch\u00fclerin im Unterricht wiederfand und ich in den 5 Jahren lediglich Kinderlieder in Kanon spielen konnte. Ich hatte auch einfach keinen Grund mich f\u00fcr Gitarre zu interessieren.<\/span><br \/><span><\/span><\/p>\n<p><span>Nachdem ich aufgrund meines Studiums (B.A. Sportwissenschaften) nach Leipzig gezogen war, realisierte ich schnell, dass ich als Produzent einen gro\u00dfen Nachteil hatte, wenn ich kein Instrument beherrsche. Nach einigen Versuchen mir mit YouTube die Klavier-Basics beizubringen kam ich auf die Idee mich bei der Musikschule Leipzig \u201eJohann Sebastian Bach\u201c angemeldet.<\/span><br \/><span><\/span><\/p>\n<p><span>Daraufhin bekam ich im Sommer 2021 den Klavierlehrer <a href=\"https:\/\/www.instagram.com\/johannes_bigge\/?hl=de\" target=\"_blank\" rel=\"noopener\">Johannes Bigge<\/a> zugeteilt, was nicht nur gro\u00dfes Gl\u00fcck, sondern auch der Beginn einer gro\u00dfartigen musikalischen Bildung wurde.<\/span><br \/><span><\/span><\/p>\n<p><span>Gleich darauf erg\u00e4nzte ich mein Wissen durch den Musiktheorieunterricht bei Benjamin Richter, der mir wiederum den Gitarrenlehrer, Produzent und Dozent <a href=\"https:\/\/www.andreaswendland.de\/\" target=\"_blank\" rel=\"noopener\">Andreas Wendland<\/a> empfiehl. Nach gut einem dreiviertel Jahr auf der Warteliste, konnte ich im Sommer 2022 auch bei Ihm im Unterricht die Gitarrenskills erlernen, die noch heute meine Produktionen tragen. W\u00e4hrend Klavier und Gitarre weiter laufen, war die Musiktheorie leider nach Abschluss der M2 vorbei, weshalb ich weiterf\u00fchrend die Geh\u00f6rbildung beim Herren Friedemann Zhorel im Jahre 2023 antrat. Seit Sommer 2025 habe ich zus\u00e4tzlich Bassunterricht bei Benjamin Richter begonnen. Auch wenn ich erst relativ sp\u00e4t damit begann mich ernsthaft f\u00fcr Instrumente zu \u00f6ffnen, bin ich extrem froh mein Mindset, dass Musikschule nur f\u00fcr Kinder und Blattspieler:innen ist, hinter mir gelassen zu haben.<\/span><\/p>\n<p>[\/et_pb_text][\/et_pb_column][et_pb_column type=&#8220;1_2&#8243; _builder_version=&#8220;4.24.3&#8243; _module_preset=&#8220;default&#8220; global_colors_info=&#8220;{}&#8220;][et_pb_text _builder_version=&#8220;4.27.4&#8243; _module_preset=&#8220;default&#8220; custom_padding=&#8220;||0px|||&#8220; global_colors_info=&#8220;{}&#8220; custom_margin=&#8220;||-1px|||&#8220;]<\/p>\n<h3>Mein aktuellen Instrumente sind:<\/h3>\n<p>[\/et_pb_text][et_pb_gallery gallery_ids=&#8220;761,762,798,797,760&#8243; posts_number=&#8220;5&#8243; show_pagination=&#8220;off&#8220; zoom_icon_color=&#8220;rgba(0,108,116,0)&#8220; hover_overlay_color=&#8220;rgba(39,64,66,0)&#8220; _builder_version=&#8220;4.27.4&#8243; _module_preset=&#8220;default&#8220; text_orientation=&#8220;right&#8220; hover_enabled=&#8220;0&#8243; global_colors_info=&#8220;{}&#8220; border_radii_image=&#8220;on|16px|16px|16px|16px&#8220; caption_text_align=&#8220;left&#8220; title_text_align=&#8220;center&#8220; custom_padding=&#8220;0px|||||&#8220; sticky_enabled=&#8220;0&#8243;][\/et_pb_gallery][\/et_pb_column][\/et_pb_row][\/et_pb_section]<\/p>\n","protected":false},"excerpt":{"rendered":"<p>InstrumenteAls Kind hatte ich keine guten Erfahrungen mit der Musikschule in meiner Heimatstadt Plauen. Nach zwei ohrenbet\u00e4ubenden Jahren Blockfl\u00f6te konnte ich meine Mom zumindest \u00fcberzeugen mich f\u00fcr Gitarre anzumelden. Das Problem war jedoch, dass ich mich mit meiner Oma und noch einer anderen Sch\u00fclerin im Unterricht wiederfand und ich in den 5 Jahren lediglich Kinderlieder [&hellip;]<\/p>\n","protected":false},"author":1,"featured_media":0,"parent":449,"menu_order":0,"comment_status":"closed","ping_status":"closed","template":"","meta":{"_et_pb_use_builder":"on","_et_pb_old_content":"","_et_gb_content_width":"","footnotes":""},"class_list":["post-456","page","type-page","status-publish","hentry"],"_links":{"self":[{"href":"https:\/\/elliasmeinel.de\/en\/wp-json\/wp\/v2\/pages\/456","targetHints":{"allow":["GET"]}}],"collection":[{"href":"https:\/\/elliasmeinel.de\/en\/wp-json\/wp\/v2\/pages"}],"about":[{"href":"https:\/\/elliasmeinel.de\/en\/wp-json\/wp\/v2\/types\/page"}],"author":[{"embeddable":true,"href":"https:\/\/elliasmeinel.de\/en\/wp-json\/wp\/v2\/users\/1"}],"replies":[{"embeddable":true,"href":"https:\/\/elliasmeinel.de\/en\/wp-json\/wp\/v2\/comments?post=456"}],"version-history":[{"count":25,"href":"https:\/\/elliasmeinel.de\/en\/wp-json\/wp\/v2\/pages\/456\/revisions"}],"predecessor-version":[{"id":1791,"href":"https:\/\/elliasmeinel.de\/en\/wp-json\/wp\/v2\/pages\/456\/revisions\/1791"}],"up":[{"embeddable":true,"href":"https:\/\/elliasmeinel.de\/en\/wp-json\/wp\/v2\/pages\/449"}],"wp:attachment":[{"href":"https:\/\/elliasmeinel.de\/en\/wp-json\/wp\/v2\/media?parent=456"}],"curies":[{"name":"wp","href":"https:\/\/api.w.org\/{rel}","templated":true}]}}