{"id":459,"date":"2024-04-10T11:52:12","date_gmt":"2024-04-10T09:52:12","guid":{"rendered":"https:\/\/elliasmeinel.de\/?page_id=459"},"modified":"2025-07-30T17:32:48","modified_gmt":"2025-07-30T15:32:48","slug":"lo-fi","status":"publish","type":"page","link":"https:\/\/elliasmeinel.de\/en\/projekte\/lo-fi\/","title":{"rendered":"Lo-Fi"},"content":{"rendered":"<p>[et_pb_section fb_built=&#8220;1&#8243; _builder_version=&#8220;4.27.4&#8243; _module_preset=&#8220;default&#8220; background_color=&#8220;#1F9B97&#8243; custom_padding=&#8220;3px||3px|||&#8220; bottom_divider_style=&#8220;wave2&#8243; bottom_divider_color=&#8220;#274042&#8243; bottom_divider_height=&#8220;49px&#8220; bottom_divider_flip=&#8220;horizontal&#8220; global_colors_info=&#8220;%91%93&#8243;][et_pb_row _builder_version=&#8220;4.24.3&#8243; _module_preset=&#8220;default&#8220; custom_padding=&#8220;60px||9px|||&#8220; global_colors_info=&#8220;{}&#8220;][et_pb_column type=&#8220;4_4&#8243; _builder_version=&#8220;4.24.3&#8243; _module_preset=&#8220;default&#8220; global_colors_info=&#8220;{}&#8220;][et_pb_text _builder_version=&#8220;4.24.3&#8243; _module_preset=&#8220;default&#8220; header_text_color=&#8220;#274042&#8243; custom_margin=&#8220;||45px|||&#8220; global_colors_info=&#8220;{}&#8220;]<\/p>\n<h1><span style=\"color: #eafdfc;\">Lo-Fi Section<\/span><\/h1>\n<p>[\/et_pb_text][\/et_pb_column][\/et_pb_row][\/et_pb_section][et_pb_section fb_built=&#8220;1&#8243; _builder_version=&#8220;4.27.4&#8243; _module_preset=&#8220;default&#8220; custom_margin=&#8220;||-99px|||&#8220; custom_padding=&#8220;0px|||||&#8220; global_colors_info=&#8220;%91%93&#8243;][et_pb_row column_structure=&#8220;1_2,1_2&#8243; _builder_version=&#8220;4.24.3&#8243; _module_preset=&#8220;default&#8220; global_colors_info=&#8220;{}&#8220;][et_pb_column type=&#8220;1_2&#8243; _builder_version=&#8220;4.24.3&#8243; _module_preset=&#8220;default&#8220; global_colors_info=&#8220;{}&#8220;][et_pb_text _builder_version=&#8220;4.27.4&#8243; _module_preset=&#8220;default&#8220; custom_padding=&#8220;|0px||||&#8220; hover_enabled=&#8220;0&#8243; global_colors_info=&#8220;{}&#8220; sticky_enabled=&#8220;0&#8243;]<\/p>\n<p><span>Ein von mir 2020 gegr\u00fcndetes Teamprojekt, welches das Ziel verfolgt durch gemeinsame Deadlines und w\u00f6chentliches Gruppenfeedback besser im Zeichnen, 3D-Design zu werden.<\/span><br \/><span><\/span><\/p>\n<p><span>Derzeit besteht unser Team aus den vier Grafik-Designer:innen <a href=\"https:\/\/www.instagram.com\/harcosgermany\/?hl=de\" target=\"_blank\" rel=\"noopener\">Patrick<\/a>, <a href=\"https:\/\/www.instagram.com\/zwofaxd\/\" target=\"_blank\" rel=\"noopener\">Sophia<\/a>, <a href=\"https:\/\/www.instagram.com\/o0patis_art0o\/\" target=\"_blank\" rel=\"noopener\">Pati<\/a>, Clara und dem Informatiker <a href=\"https:\/\/de.linkedin.com\/in\/lukas-hempel-87b354220\" target=\"_blank\" rel=\"noopener\">Lukas Hempel<\/a>, der zusammen mit <a href=\"https:\/\/wnzke.de\/\" target=\"_blank\" rel=\"noopener\">Eric Wenzke<\/a> diese Webseite gebaut hat.<\/span><\/p>\n<p><span>Ich habe dieses Projekt gegr\u00fcndet, weil ich <a href=\"https:\/\/docs.google.com\/spreadsheets\/d\/1C2C8cbtIhgz2Ag6IYUCQFQxCyNMeb9ivmXOubwy-pCw\/edit#gid=0\" target=\"_blank\" rel=\"noopener\">2021<\/a>&#8211;<a href=\"https:\/\/docs.google.com\/spreadsheets\/d\/12gFdxLQ36rpBS5vRsc4R6atzVEo7N7okJNrnLenPR5U\/edit#gid=0\" target=\"_blank\" rel=\"noopener\">2022<\/a> das Jahresziel verfolgte, mindestens 52 Songs pro Jahr zu produzieren und Art Cover f\u00fcr die Ver\u00f6ffentlichungen brauchte. Der Name \u201eLo-Fi Section&#8220;, entstand aus der urspr\u00fcnglichen Idee eine Webseite zu bauen, die als Submission-Plattform f\u00fcr ein indie Musik-Label dienen sollte. Daf\u00fcr wurden eine Vielzahl von Charakteren entworfen, wie auch der <a href=\"https:\/\/elliasmeinel.de\/wp-content\/uploads\/2024\/04\/ellias-meinel-lofi-projekt.webp\">Meister<\/a> (Das Chameleon), welcher Logo unseres Team ist.<\/span><span> Auch wenn das Projekt mit der Webseite nach der Konzeption verworfen wurde, ist der Name bis heute erhalten geblieben.<\/span><\/p>\n<p><span style=\"font-size: 18px;\">Das Team hat sich \u00fcber die Jahre nicht nur erweitert, sondern auch mehr in eine ganzheitliche Richtung entwickelt, da neben meinem Lo-Fi Artist <\/span><a href=\"https:\/\/elliasmeinel.de\/projekte\/snoozy-booth\/\" style=\"font-size: 18px;\">Snoozy Booth<\/a><span style=\"font-size: 18px;\"> auch komplette <\/span><a href=\"https:\/\/www.youtube.com\/watch?v=XQfVqH74-zA\" style=\"font-size: 18px;\" target=\"_blank\" rel=\"noopener\">Animationen<\/a><span style=\"font-size: 18px;\"> f\u00fcr Projekte wie <\/span><a href=\"https:\/\/elliasmeinel.de\/projekte\/ellias\/\" style=\"font-size: 18px;\">Ellias<\/a><span style=\"font-size: 18px;\"> verwirklicht werden.<\/span><span><\/span><\/p>\n<p><span><\/span><\/p>\n<p><span>Das Lo-Fi Section Team komplementiert meine Releases mit \u00fcberw\u00e4ltigenden Art Covern und Animationen, die mit gro\u00dfer Sorgfalt und Liebe zum Detail digital aber auch traditionell gezeichnet und designt werden.<\/span><br \/><span><\/span><\/p>\n<p><span>Ich habe den Gro\u00dfteil meines Erfolges meinem Team zu verdanken und mein Ziel ist es jedes Mitglied f\u00fcr all die M\u00fche und investierte Zeit angemessen zu entlohnen.<\/span><\/p>\n<p>[\/et_pb_text][\/et_pb_column][et_pb_column type=&#8220;1_2&#8243; _builder_version=&#8220;4.24.3&#8243; _module_preset=&#8220;default&#8220; global_colors_info=&#8220;{}&#8220;][et_pb_video_slider show_arrows=&#8220;off&#8220; _builder_version=&#8220;4.24.3&#8243; _module_preset=&#8220;default&#8220; global_colors_info=&#8220;{}&#8220;][et_pb_video_slider_item src=&#8220;https:\/\/youtu.be\/w3xYPR90crk&#8220; _builder_version=&#8220;4.24.3&#8243; _module_preset=&#8220;default&#8220; global_colors_info=&#8220;{}&#8220; show_image_overlay=&#8220;off&#8220;][\/et_pb_video_slider_item][et_pb_video_slider_item src=&#8220;https:\/\/www.youtube.com\/watch?v=5n7OPbtvS44&#038;t=4s&#8220; _builder_version=&#8220;4.24.3&#8243; _module_preset=&#8220;default&#8220; global_colors_info=&#8220;{}&#8220; show_image_overlay=&#8220;off&#8220;][\/et_pb_video_slider_item][et_pb_video_slider_item src=&#8220;https:\/\/www.youtube.com\/watch?v=XQfVqH74-zA&#8220; _builder_version=&#8220;4.24.3&#8243; _module_preset=&#8220;default&#8220; global_colors_info=&#8220;{}&#8220; show_image_overlay=&#8220;off&#8220;][\/et_pb_video_slider_item][\/et_pb_video_slider][\/et_pb_column][\/et_pb_row][\/et_pb_section][et_pb_section fb_built=&#8220;1&#8243; _builder_version=&#8220;4.24.3&#8243; _module_preset=&#8220;default&#8220; custom_padding=&#8220;||0px|||&#8220; global_colors_info=&#8220;{}&#8220;][et_pb_row _builder_version=&#8220;4.24.3&#8243; _module_preset=&#8220;default&#8220; global_colors_info=&#8220;{}&#8220;][et_pb_column type=&#8220;4_4&#8243; _builder_version=&#8220;4.24.3&#8243; _module_preset=&#8220;default&#8220; global_colors_info=&#8220;{}&#8220;][et_pb_text _builder_version=&#8220;4.24.3&#8243; _module_preset=&#8220;default&#8220; min_height=&#8220;21px&#8220; global_colors_info=&#8220;{}&#8220;]<\/p>\n<h3>Art Cover vom Lo-Fi Section Team:<\/h3>\n<p>[\/et_pb_text][et_pb_gallery gallery_ids=&#8220;708,714,706,707,713,712,711,709,710,715,716,717,718&#8243; posts_number=&#8220;12&#8243; show_pagination=&#8220;off&#8220; zoom_icon_color=&#8220;rgba(39,64,66,0)&#8220; hover_overlay_color=&#8220;rgba(39,64,66,0)&#8220; _builder_version=&#8220;4.27.4&#8243; _module_preset=&#8220;default&#8220; min_height=&#8220;867.9px&#8220; custom_padding=&#8220;0px|||||&#8220; hover_enabled=&#8220;0&#8243; border_radii_image=&#8220;on|12px|12px|12px|12px&#8220; global_colors_info=&#8220;{}&#8220; sticky_enabled=&#8220;0&#8243;][\/et_pb_gallery][\/et_pb_column][\/et_pb_row][\/et_pb_section]<\/p>\n","protected":false},"excerpt":{"rendered":"<p>Lo-Fi SectionEin von mir 2020 gegr\u00fcndetes Teamprojekt, welches das Ziel verfolgt durch gemeinsame Deadlines und w\u00f6chentliches Gruppenfeedback besser im Zeichnen, 3D-Design zu werden. Derzeit besteht unser Team aus den vier Grafik-Designer:innen Patrick, Sophia, Pati, Clara und dem Informatiker Lukas Hempel, der zusammen mit Eric Wenzke diese Webseite gebaut hat. Ich habe dieses Projekt gegr\u00fcndet, weil [&hellip;]<\/p>\n","protected":false},"author":1,"featured_media":0,"parent":449,"menu_order":0,"comment_status":"closed","ping_status":"closed","template":"","meta":{"_et_pb_use_builder":"on","_et_pb_old_content":"","_et_gb_content_width":"","footnotes":""},"class_list":["post-459","page","type-page","status-publish","hentry"],"_links":{"self":[{"href":"https:\/\/elliasmeinel.de\/en\/wp-json\/wp\/v2\/pages\/459","targetHints":{"allow":["GET"]}}],"collection":[{"href":"https:\/\/elliasmeinel.de\/en\/wp-json\/wp\/v2\/pages"}],"about":[{"href":"https:\/\/elliasmeinel.de\/en\/wp-json\/wp\/v2\/types\/page"}],"author":[{"embeddable":true,"href":"https:\/\/elliasmeinel.de\/en\/wp-json\/wp\/v2\/users\/1"}],"replies":[{"embeddable":true,"href":"https:\/\/elliasmeinel.de\/en\/wp-json\/wp\/v2\/comments?post=459"}],"version-history":[{"count":20,"href":"https:\/\/elliasmeinel.de\/en\/wp-json\/wp\/v2\/pages\/459\/revisions"}],"predecessor-version":[{"id":1784,"href":"https:\/\/elliasmeinel.de\/en\/wp-json\/wp\/v2\/pages\/459\/revisions\/1784"}],"up":[{"embeddable":true,"href":"https:\/\/elliasmeinel.de\/en\/wp-json\/wp\/v2\/pages\/449"}],"wp:attachment":[{"href":"https:\/\/elliasmeinel.de\/en\/wp-json\/wp\/v2\/media?parent=459"}],"curies":[{"name":"wp","href":"https:\/\/api.w.org\/{rel}","templated":true}]}}