{"id":462,"date":"2024-04-10T11:52:46","date_gmt":"2024-04-10T09:52:46","guid":{"rendered":"https:\/\/elliasmeinel.de\/?page_id=462"},"modified":"2025-07-30T17:34:56","modified_gmt":"2025-07-30T15:34:56","slug":"mixing-und-mastering","status":"publish","type":"page","link":"https:\/\/elliasmeinel.de\/en\/projekte\/mixing-und-mastering\/","title":{"rendered":"Mixing und Mastering"},"content":{"rendered":"<p>[et_pb_section fb_built=&#8220;1&#8243; _builder_version=&#8220;4.27.4&#8243; _module_preset=&#8220;default&#8220; background_color=&#8220;#1F9B97&#8243; custom_padding=&#8220;3px||3px|||&#8220; bottom_divider_style=&#8220;wave2&#8243; bottom_divider_color=&#8220;#274042&#8243; bottom_divider_height=&#8220;49px&#8220; bottom_divider_flip=&#8220;horizontal&#8220; global_colors_info=&#8220;%91%93&#8243;][et_pb_row _builder_version=&#8220;4.24.3&#8243; _module_preset=&#8220;default&#8220; custom_padding=&#8220;60px|||||&#8220; global_colors_info=&#8220;{}&#8220;][et_pb_column type=&#8220;4_4&#8243; _builder_version=&#8220;4.24.3&#8243; _module_preset=&#8220;default&#8220; global_colors_info=&#8220;{}&#8220;][et_pb_text _builder_version=&#8220;4.27.4&#8243; _module_preset=&#8220;default&#8220; header_text_color=&#8220;#274042&#8243; custom_margin=&#8220;||32px|||&#8220; custom_padding=&#8220;||0px|||&#8220; hover_enabled=&#8220;0&#8243; global_colors_info=&#8220;{}&#8220; sticky_enabled=&#8220;0&#8243;]<\/p>\n<h1><span style=\"color: #eafdfc;\">Mixing<\/span><\/h1>\n<p>[\/et_pb_text][\/et_pb_column][\/et_pb_row][\/et_pb_section][et_pb_section fb_built=&#8220;1&#8243; _builder_version=&#8220;4.27.4&#8243; _module_preset=&#8220;default&#8220; custom_padding=&#8220;0px|||||&#8220; global_colors_info=&#8220;%91%93&#8243;][et_pb_row column_structure=&#8220;1_2,1_2&#8243; _builder_version=&#8220;4.24.3&#8243; _module_preset=&#8220;default&#8220; global_colors_info=&#8220;{}&#8220;][et_pb_column type=&#8220;1_2&#8243; _builder_version=&#8220;4.24.3&#8243; _module_preset=&#8220;default&#8220; global_colors_info=&#8220;{}&#8220;][et_pb_text _builder_version=&#8220;4.24.3&#8243; _module_preset=&#8220;default&#8220; width=&#8220;95.7%&#8220; global_colors_info=&#8220;{}&#8220;]<\/p>\n<p><span>Anf\u00e4nglich geh\u00f6rte das Mixing und Mastering lediglich zu einer Notwendigkeit, um Songs ver\u00f6ffentlichen zu k\u00f6nnen. Mittlerweile ist besonders das Mastering zu einer meiner Lieblingsaktivit\u00e4ten geworden. Durch den Rat des Mixing-Engineers <a href=\"https:\/\/www.instagram.com\/niklas.lueger\/?hl=de\" target=\"_blank\" rel=\"noopener\">Niklas Lueger<\/a>, habe ich nicht nur extrem viel dazu gelernt, sondern auch verstanden, dass es beim Mixing nur eine Regel gibt: <em><strong>Es muss gut klingen<\/strong><\/em>.<\/span><\/p>\n<p><span><\/span><span>Mittlerweile habe nicht nur \u00fcber 8 Jahre Erfahrung gesammelt, sondern \u00fcber die Jahre auch mehr Geld f\u00fcr Third-Party Plug-ins ausgegeben, als ich irgendjemandem raten w\u00fcrde. Die meisten K\u00fcnstler:innen bezahlen mich nicht f\u00fcr das Mixing und Mastering an sich, sondern f\u00fcr mein <a href=\"https:\/\/youtu.be\/J4BJJUNZ0BA\" target=\"_blank\" rel=\"noopener\">spezifisches Feedback<\/a>, welches ihnen hilft mit jedem Song besser zu werden<\/span><span><\/span><\/p>\n<p><span>Da mein Hauptfokus auf meinen eigenen Projekten liegt, mixe und mastere ich nur f\u00fcr ausgew\u00e4hlte K\u00fcnstler:innen, die mich davon \u00fcberzeugt haben dieselbe Passion f\u00fcr die Musik zu leben wie ich und gebe zu jedem Projekt direkte <a href=\"https:\/\/youtu.be\/J4BJJUNZ0BA\" target=\"_blank\" rel=\"noopener\">Einblicke im Videoformat<\/a>, um den Artists die M\u00f6glichkeit zu geben ihr Handwerk nach und nach zu optimieren.<\/span><span><\/span><\/p>\n<p><span><\/span><\/p>\n<p>[\/et_pb_text][et_pb_video src=&#8220;https:\/\/youtu.be\/J4BJJUNZ0BA&#8220; _builder_version=&#8220;4.25.0&#8243; _module_preset=&#8220;default&#8220; width=&#8220;100%&#8220; max_width=&#8220;100%&#8220; animation_style=&#8220;fade&#8220; border_width_all=&#8220;3px&#8220; border_color_all=&#8220;#3BA4B5&#8243; global_colors_info=&#8220;{}&#8220;][\/et_pb_video][\/et_pb_column][et_pb_column type=&#8220;1_2&#8243; _builder_version=&#8220;4.24.3&#8243; _module_preset=&#8220;default&#8220; global_colors_info=&#8220;{}&#8220;][et_pb_text _builder_version=&#8220;4.24.3&#8243; _module_preset=&#8220;default&#8220; global_colors_info=&#8220;{}&#8220;]<iframe style=\"border-radius:12px\" src=\"https:\/\/open.spotify.com\/embed\/playlist\/2K3YdL9dJ5IU90hySjbmHN?utm_source=generator\" width=\"100%\" height=\"532\" frameBorder=\"0\" allowfullscreen=\"\" allow=\"autoplay; clipboard-write; encrypted-media; fullscreen; picture-in-picture\" loading=\"lazy\"><\/iframe>[\/et_pb_text][\/et_pb_column][\/et_pb_row][\/et_pb_section]<\/p>\n","protected":false},"excerpt":{"rendered":"<p>MixingAnf\u00e4nglich geh\u00f6rte das Mixing und Mastering lediglich zu einer Notwendigkeit, um Songs ver\u00f6ffentlichen zu k\u00f6nnen. Mittlerweile ist besonders das Mastering zu einer meiner Lieblingsaktivit\u00e4ten geworden. Durch den Rat des Mixing-Engineers Niklas Lueger, habe ich nicht nur extrem viel dazu gelernt, sondern auch verstanden, dass es beim Mixing nur eine Regel gibt: Es muss gut klingen. [&hellip;]<\/p>\n","protected":false},"author":1,"featured_media":0,"parent":449,"menu_order":0,"comment_status":"closed","ping_status":"closed","template":"","meta":{"_et_pb_use_builder":"on","_et_pb_old_content":"","_et_gb_content_width":"","footnotes":""},"class_list":["post-462","page","type-page","status-publish","hentry"],"_links":{"self":[{"href":"https:\/\/elliasmeinel.de\/en\/wp-json\/wp\/v2\/pages\/462","targetHints":{"allow":["GET"]}}],"collection":[{"href":"https:\/\/elliasmeinel.de\/en\/wp-json\/wp\/v2\/pages"}],"about":[{"href":"https:\/\/elliasmeinel.de\/en\/wp-json\/wp\/v2\/types\/page"}],"author":[{"embeddable":true,"href":"https:\/\/elliasmeinel.de\/en\/wp-json\/wp\/v2\/users\/1"}],"replies":[{"embeddable":true,"href":"https:\/\/elliasmeinel.de\/en\/wp-json\/wp\/v2\/comments?post=462"}],"version-history":[{"count":14,"href":"https:\/\/elliasmeinel.de\/en\/wp-json\/wp\/v2\/pages\/462\/revisions"}],"predecessor-version":[{"id":1786,"href":"https:\/\/elliasmeinel.de\/en\/wp-json\/wp\/v2\/pages\/462\/revisions\/1786"}],"up":[{"embeddable":true,"href":"https:\/\/elliasmeinel.de\/en\/wp-json\/wp\/v2\/pages\/449"}],"wp:attachment":[{"href":"https:\/\/elliasmeinel.de\/en\/wp-json\/wp\/v2\/media?parent=462"}],"curies":[{"name":"wp","href":"https:\/\/api.w.org\/{rel}","templated":true}]}}