{"id":465,"date":"2024-04-10T11:53:18","date_gmt":"2024-04-10T09:53:18","guid":{"rendered":"https:\/\/elliasmeinel.de\/?page_id=465"},"modified":"2025-07-30T17:38:20","modified_gmt":"2025-07-30T15:38:20","slug":"produktion","status":"publish","type":"page","link":"https:\/\/elliasmeinel.de\/en\/projekte\/produktion\/","title":{"rendered":"Production"},"content":{"rendered":"<p>[et_pb_section fb_built=&#8220;1&#8243; _builder_version=&#8220;4.27.4&#8243; _module_preset=&#8220;default&#8220; background_color=&#8220;#1F9B97&#8243; custom_padding=&#8220;3px||3px|||&#8220; bottom_divider_style=&#8220;wave2&#8243; bottom_divider_color=&#8220;#274042&#8243; bottom_divider_height=&#8220;49px&#8220; bottom_divider_flip=&#8220;horizontal&#8220; global_colors_info=&#8220;%91%93&#8243; min_height=&#8220;133px&#8220;][et_pb_row _builder_version=&#8220;4.24.3&#8243; _module_preset=&#8220;default&#8220; custom_padding=&#8220;60px|||||&#8220; global_colors_info=&#8220;{}&#8220;][et_pb_column type=&#8220;4_4&#8243; _builder_version=&#8220;4.24.3&#8243; _module_preset=&#8220;default&#8220; global_colors_info=&#8220;{}&#8220;][et_pb_text _builder_version=&#8220;4.24.3&#8243; _module_preset=&#8220;default&#8220; header_text_color=&#8220;#274042&#8243; custom_margin=&#8220;||9px|||&#8220; global_colors_info=&#8220;{}&#8220;]<\/p>\n<h1><span style=\"color: #eafdfc;\">Externe Produktionen<\/span><\/h1>\n<p>[\/et_pb_text][\/et_pb_column][\/et_pb_row][\/et_pb_section][et_pb_section fb_built=&#8220;1&#8243; _builder_version=&#8220;4.24.3&#8243; _module_preset=&#8220;default&#8220; custom_padding=&#8220;0px|||||&#8220; global_colors_info=&#8220;%91%93&#8243;][et_pb_row column_structure=&#8220;1_2,1_2&#8243; _builder_version=&#8220;4.24.3&#8243; _module_preset=&#8220;default&#8220; global_colors_info=&#8220;{}&#8220;][et_pb_column type=&#8220;1_2&#8243; _builder_version=&#8220;4.24.3&#8243; _module_preset=&#8220;default&#8220; global_colors_info=&#8220;{}&#8220;][et_pb_text _builder_version=&#8220;4.24.3&#8243; _module_preset=&#8220;default&#8220; custom_margin=&#8220;||1px|||&#8220; custom_padding=&#8220;||0px|||&#8220; global_colors_info=&#8220;{}&#8220;]<\/p>\n<p><span>Auf Anfrage setze ich mich mit K\u00fcnstler:innen zusammen und helfen ihnen ihre Songs auf professionelles H\u00f6chstniveau zu bef\u00f6rdern. Derzeit bin ich dadurch in den Genres Hip-Hop und Indie Pop ans\u00e4ssig.<\/span><\/p>\n<p><span>Auch wenn es mit gro\u00dfen Spa\u00df bereitet die Vision von andern K\u00fcnstler:innen bestm\u00f6glich in ein h\u00f6rbares Endresultat umzusetzen, habe ich leider nur dieselben 24h pro Tag wie alle anderen. Eine externe Produktion steht immer eigenen Projekten gegen\u00fcber, die nat\u00fcrlich meine ganz eigene Vision vorantreiben. Deshalb m\u00fcssen Anfragen auf externe Produktionen mich mit gutem Songwriting und M\u00f6glichkeiten zu wachsen \u00fcberzeugen. Je nach Zeitaufwand haben diese nat\u00fcrlich auch ihren Preis.<\/span><\/p>\n<p><span><\/span><\/p>\n<p>[\/et_pb_text][\/et_pb_column][et_pb_column type=&#8220;1_2&#8243; _builder_version=&#8220;4.24.3&#8243; _module_preset=&#8220;default&#8220; global_colors_info=&#8220;{}&#8220;][et_pb_text _builder_version=&#8220;4.24.3&#8243; _module_preset=&#8220;default&#8220; global_colors_info=&#8220;{}&#8220;]<iframe style=\"border-radius: 12px;\" src=\"https:\/\/open.spotify.com\/embed\/playlist\/6di2s29ovnNyS0shFyjzff?utm_source=generator\" width=\"100%\" height=\"420\" frameborder=\"0\" allowfullscreen=\"\" allow=\"autoplay; clipboard-write; encrypted-media; fullscreen; picture-in-picture\" loading=\"lazy\"><\/iframe>[\/et_pb_text][\/et_pb_column][\/et_pb_row][\/et_pb_section]<\/p>\n","protected":false},"excerpt":{"rendered":"<p>Externe ProduktionenAuf Anfrage setze ich mich mit K\u00fcnstler:innen zusammen und helfen ihnen ihre Songs auf professionelles H\u00f6chstniveau zu bef\u00f6rdern. Derzeit bin ich dadurch in den Genres Hip-Hop und Indie Pop ans\u00e4ssig. Auch wenn es mit gro\u00dfen Spa\u00df bereitet die Vision von andern K\u00fcnstler:innen bestm\u00f6glich in ein h\u00f6rbares Endresultat umzusetzen, habe ich leider nur dieselben 24h [&hellip;]<\/p>\n","protected":false},"author":1,"featured_media":0,"parent":449,"menu_order":0,"comment_status":"closed","ping_status":"closed","template":"","meta":{"_et_pb_use_builder":"on","_et_pb_old_content":"","_et_gb_content_width":"","footnotes":""},"class_list":["post-465","page","type-page","status-publish","hentry"],"_links":{"self":[{"href":"https:\/\/elliasmeinel.de\/en\/wp-json\/wp\/v2\/pages\/465","targetHints":{"allow":["GET"]}}],"collection":[{"href":"https:\/\/elliasmeinel.de\/en\/wp-json\/wp\/v2\/pages"}],"about":[{"href":"https:\/\/elliasmeinel.de\/en\/wp-json\/wp\/v2\/types\/page"}],"author":[{"embeddable":true,"href":"https:\/\/elliasmeinel.de\/en\/wp-json\/wp\/v2\/users\/1"}],"replies":[{"embeddable":true,"href":"https:\/\/elliasmeinel.de\/en\/wp-json\/wp\/v2\/comments?post=465"}],"version-history":[{"count":8,"href":"https:\/\/elliasmeinel.de\/en\/wp-json\/wp\/v2\/pages\/465\/revisions"}],"predecessor-version":[{"id":1789,"href":"https:\/\/elliasmeinel.de\/en\/wp-json\/wp\/v2\/pages\/465\/revisions\/1789"}],"up":[{"embeddable":true,"href":"https:\/\/elliasmeinel.de\/en\/wp-json\/wp\/v2\/pages\/449"}],"wp:attachment":[{"href":"https:\/\/elliasmeinel.de\/en\/wp-json\/wp\/v2\/media?parent=465"}],"curies":[{"name":"wp","href":"https:\/\/api.w.org\/{rel}","templated":true}]}}