{"id":468,"date":"2024-04-10T11:53:45","date_gmt":"2024-04-10T09:53:45","guid":{"rendered":"https:\/\/elliasmeinel.de\/?page_id=468"},"modified":"2025-07-30T17:24:39","modified_gmt":"2025-07-30T15:24:39","slug":"snoozy-booth","status":"publish","type":"page","link":"https:\/\/elliasmeinel.de\/en\/projekte\/snoozy-booth\/","title":{"rendered":"Snoozy Booth"},"content":{"rendered":"<p>[et_pb_section fb_built=&#8220;1&#8243; _builder_version=&#8220;4.27.4&#8243; _module_preset=&#8220;default&#8220; background_color=&#8220;#1F9B97&#8243; custom_padding=&#8220;3px||3px|||&#8220; top_divider_color_tablet=&#8220;&#8220; top_divider_color_phone=&#8220;&#8220; top_divider_color_last_edited=&#8220;on|tablet&#8220; top_divider_height_tablet=&#8220;&#8220; top_divider_height_phone=&#8220;&#8220; top_divider_height_last_edited=&#8220;on|desktop&#8220; bottom_divider_style=&#8220;wave2&#8243; bottom_divider_color=&#8220;#274042&#8243; bottom_divider_height=&#8220;33px&#8220; bottom_divider_repeat=&#8220;2x&#8220; bottom_divider_flip=&#8220;horizontal&#8220; bottom_divider_height_tablet=&#8220;33px&#8220; bottom_divider_height_phone=&#8220;33px&#8220; bottom_divider_height_last_edited=&#8220;on|phone&#8220; global_colors_info=&#8220;%91%93&#8243;][et_pb_row _builder_version=&#8220;4.27.4&#8243; _module_preset=&#8220;default&#8220; min_height=&#8220;136px&#8220; custom_padding=&#8220;60px|||||&#8220; global_colors_info=&#8220;{}&#8220;][et_pb_column type=&#8220;4_4&#8243; _builder_version=&#8220;4.24.3&#8243; _module_preset=&#8220;default&#8220; global_colors_info=&#8220;{}&#8220;][et_pb_text _builder_version=&#8220;4.27.4&#8243; _module_preset=&#8220;default&#8220; text_text_color=&#8220;#EAFDFC&#8220; header_text_color=&#8220;#274042&#8243; min_height=&#8220;29px&#8220; custom_margin=&#8220;||-1px|||&#8220; global_colors_info=&#8220;{}&#8220;]<\/p>\n<h1 style=\"text-align: left;\"><span style=\"color: #eafdfc;\">Snoozy Booth<\/span><\/h1>\n<p>[\/et_pb_text][et_pb_social_media_follow _builder_version=&#8220;4.27.4&#8243; _module_preset=&#8220;default&#8220; background_layout=&#8220;dark&#8220; custom_margin_tablet=&#8220;&#8220; custom_margin_phone=&#8220;&#8220; custom_margin_last_edited=&#8220;on|phone&#8220; custom_padding=&#8220;||0px||false|false&#8220; text_orientation_tablet=&#8220;&#8220; text_orientation_phone=&#8220;&#8220; text_orientation_last_edited=&#8220;on|desktop&#8220; border_radii=&#8220;on|5px|5px|5px|5px&#8220; global_colors_info=&#8220;{}&#8220; custom_margin__hover_enabled=&#8220;on|desktop&#8220; icon_color=&#8220;#EAFDFC&#8220;][et_pb_social_media_follow_network social_network=&#8220;spotify&#8220; url=&#8220;https:\/\/open.spotify.com\/playlist\/7fc1BnAWx02vElDQXXrOM2?si=dcfad3414f8148d3&#8243; _builder_version=&#8220;4.24.3&#8243; _module_preset=&#8220;default&#8220; background_color=&#8220;#006C74&#8243; background_enable_color=&#8220;on&#8220; global_colors_info=&#8220;{}&#8220; follow_button=&#8220;off&#8220; url_new_window=&#8220;on&#8220;]spotify[\/et_pb_social_media_follow_network][et_pb_social_media_follow_network social_network=&#8220;instagram&#8220; url=&#8220;https:\/\/www.instagram.com\/ellias.music\/&#8220; _builder_version=&#8220;4.24.3&#8243; _module_preset=&#8220;default&#8220; background_color=&#8220;#006C74&#8243; background_enable_color=&#8220;on&#8220; global_colors_info=&#8220;{}&#8220; follow_button=&#8220;off&#8220; url_new_window=&#8220;on&#8220;]instagram[\/et_pb_social_media_follow_network][et_pb_social_media_follow_network social_network=&#8220;bandcamp&#8220; url=&#8220;https:\/\/snoozybooth.bandcamp.com\/&#8220; _builder_version=&#8220;4.24.3&#8243; _module_preset=&#8220;default&#8220; background_color=&#8220;#006c74&#8243; background_enable_color=&#8220;on&#8220; global_colors_info=&#8220;{}&#8220; follow_button=&#8220;off&#8220; url_new_window=&#8220;on&#8220;]bandcamp[\/et_pb_social_media_follow_network][\/et_pb_social_media_follow][\/et_pb_column][\/et_pb_row][\/et_pb_section][et_pb_section fb_built=&#8220;1&#8243; _builder_version=&#8220;4.27.4&#8243; _module_preset=&#8220;default&#8220; custom_padding=&#8220;4px||88px|||&#8220; bottom_divider_style=&#8220;clouds2&#8243; bottom_divider_color=&#8220;#1F9B97&#8243; bottom_divider_height=&#8220;106px&#8220; global_colors_info=&#8220;%91%93&#8243;][et_pb_row column_structure=&#8220;1_2,1_2&#8243; _builder_version=&#8220;4.24.3&#8243; _module_preset=&#8220;default&#8220; global_colors_info=&#8220;{}&#8220;][et_pb_column type=&#8220;1_2&#8243; _builder_version=&#8220;4.27.4&#8243; _module_preset=&#8220;default&#8220; global_colors_info=&#8220;{}&#8220;][et_pb_text _builder_version=&#8220;4.27.4&#8243; _module_preset=&#8220;default&#8220; hover_enabled=&#8220;0&#8243; global_colors_info=&#8220;{}&#8220; sticky_enabled=&#8220;0&#8243;]<\/p>\n<div class=\"Text__TextElement-sc-if376j-0 gYdBJW encore-text-body-medium CjnwbSTpODW56Gerg7X6\" dir=\"auto\" data-encore-id=\"text\">\n<p>Zeitgleich mit meinem Teamprojekt <a href=\"https:\/\/elliasmeinel.de\/projekte\/lo-fi\/\">Lo-Fi-Section<\/a> rief ich 2020 den Lo-Fi Artist Snoozy Booth ins Leben. Mit einem Output von mindestens 52 Lo-FI Cover Songs pro Jahr startete ich <a href=\"https:\/\/docs.google.com\/spreadsheets\/d\/1C2C8cbtIhgz2Ag6IYUCQFQxCyNMeb9ivmXOubwy-pCw\/edit#gid=0\" target=\"_blank\" rel=\"noopener\">2021<\/a> und <a href=\"https:\/\/docs.google.com\/spreadsheets\/d\/12gFdxLQ36rpBS5vRsc4R6atzVEo7N7okJNrnLenPR5U\/edit#gid=0\" target=\"_blank\" rel=\"noopener\">2022<\/a> durch. 2023 konzetrierte ich mich auf andere Projekte wie das Erstellen dieser Webseite, und meinem ersten originalen Lo-Fi Jazz Album unter dem Alias <a href=\"https:\/\/elliasmeinel.de\/projekte\/ellias\/\">Ellias<\/a>.<\/p>\n<p>Dieses Projekt ist bis dato das mit dem h\u00f6chsten Output und damit nicht nur das zeitintensivste, sondern auch das mit dem gr\u00f6\u00dften Lerneffekt.<br \/>Durch das Analysieren und Remixen meiner liebsten Video-Game Soundtracks (Pok\u00e9mon <a href=\"https:\/\/open.spotify.com\/album\/3vHYusWXx1yxqNI7YrEDho?si=Cc64T4fSQUKLs9BlyDFK_w\" target=\"_blank\" rel=\"noopener\">Diamant<\/a> und <a href=\"https:\/\/open.spotify.com\/album\/100sNrBKl7GrDF2LasvnsV?si=ybQIGT-aQGSgBe19Lxb-WA\" target=\"_blank\" rel=\"noopener\">Perl<\/a>, <a href=\"https:\/\/open.spotify.com\/album\/0oJgNR9b3h3nwAFh5g7YoQ?si=ihcUx965T4-QCjui6FqEkQ\" target=\"_blank\" rel=\"noopener\">Zelda Phantom Hourglass<\/a>, <a href=\"https:\/\/open.spotify.com\/album\/05WhfWNLKhKz9iJZMeR2JX?si=28u6NGrwR2-o0wyXdM21XQ\" target=\"_blank\" rel=\"noopener\">Zelda Spirit Tracks<\/a>, <a href=\"https:\/\/open.spotify.com\/album\/3shxoESyB8Xa69rjfBYxJP?si=y3o7CNk3SWujjpgO_DwQPw\" target=\"_blank\" rel=\"noopener\">Skyrim<\/a>, <a href=\"https:\/\/open.spotify.com\/album\/1TFtItHZQFxHSWVdpo1bJB?si=_vjYc98UQme5uzkBrtBSUA\" target=\"_blank\" rel=\"noopener\">Super Mario 64<\/a>, <a href=\"https:\/\/open.spotify.com\/album\/03COooGdYkvUUEpHBwiXmm?si=rI1VFu0xTui13vuK5xP2Bg\" target=\"_blank\" rel=\"noopener\">Animal Crossing Wild World<\/a>, <a href=\"https:\/\/open.spotify.com\/album\/5YPEHAP9ywdmvrvo9RRYOO?si=T0xq5jNIQUORO875By_tcA\" target=\"_blank\" rel=\"noopener\">Minecraft<\/a>, etc.), Anime- und Filmmusik (<a href=\"https:\/\/open.spotify.com\/album\/4tL225TybpWqnJWXcR1OvY?si=wzeOTYppTz60JQwEbi6Kfg\" target=\"_blank\" rel=\"noopener\">Studio Ghibli<\/a>, <a href=\"https:\/\/open.spotify.com\/album\/438fUjldSfy6xf1GPOpuRf?si=U31uUiHBQ1edfbW4QSDnBA\" target=\"_blank\" rel=\"noopener\">Naruto<\/a>, <a href=\"https:\/\/open.spotify.com\/album\/4K0xcQNRwOeiDE6K5SM5Ap?si=loS5O_hMQcGvFwV3hda30Q\" target=\"_blank\" rel=\"noopener\">One Piece<\/a>, <a href=\"https:\/\/open.spotify.com\/album\/2RnUlglhbb1yDS1UyzlW0R?si=dMV2HJcbTX2jkcknxVT2kQ\" target=\"_blank\" rel=\"noopener\">Star Wars<\/a>, etc.) konnte ich mich voll und ganz auf die Instrumentalisierung und das Sounddesign, sowie Mixing und Mastering konzentrieren. Diese war eine meiner Hauptstrategien um gegen meinen Perfektionismus vorzugehen aber auch meinen eigenen Sound zu entwickeln.<br \/>Meine gewonnene Erfahrung durch die schiere Anzahl an Songs, f\u00fchrte letztenendes dazu originale Lo-Fi Hip-Hop und Neo Soul Produktionen mit dem Projekt <a href=\"https:\/\/elliasmeinel.de\/projekte\/ellias\/\">Ellias<\/a> zu verwirklichen.\u00a0<\/p>\n<\/div>\n<div class=\"hdS8jsvbJhsJXHAZlWwz\">\n<figure class=\"tp8rO9vtqBGPLOhwcdYv mM_me6VjRfHLPkqAMqEI\" title=\"Snoozy Booth\">\n<div class=\"\">\n<div class=\"KdxlBanhDJjzmHfqhP0X Q4hOdDPRDHPhfou2xbDg\" data-testid=\"placeholder-wrapper\"><\/div>\n<\/div>\n<\/figure>\n<\/div>\n<p>[\/et_pb_text][\/et_pb_column][et_pb_column type=&#8220;1_2&#8243; _builder_version=&#8220;4.27.4&#8243; _module_preset=&#8220;default&#8220; global_colors_info=&#8220;{}&#8220;][et_pb_text _builder_version=&#8220;4.24.3&#8243; _module_preset=&#8220;default&#8220; global_colors_info=&#8220;{}&#8220;]<iframe style=\"border-radius: 12px;\" src=\"https:\/\/open.spotify.com\/embed\/artist\/7B4hOt9L9yy91kQkLs974d?utm_source=generator\" width=\"100%\" height=\"726\" frameborder=\"0\" allowfullscreen=\"\" allow=\"autoplay; clipboard-write; encrypted-media; fullscreen; picture-in-picture\" loading=\"lazy\"><\/iframe>[\/et_pb_text][\/et_pb_column][\/et_pb_row][\/et_pb_section][et_pb_section fb_built=&#8220;1&#8243; _builder_version=&#8220;4.27.4&#8243; _module_preset=&#8220;default&#8220; background_enable_mask_style=&#8220;on&#8220; background_mask_color=&#8220;#1F9B97&#8243; background_mask_transform=&#8220;invert&#8220; background_mask_size=&#8220;cover&#8220; custom_padding=&#8220;41px|||||&#8220; top_divider_style=&#8220;curve&#8220; top_divider_color=&#8220;#1F9B97&#8243; top_divider_repeat=&#8220;1x&#8220; top_divider_height_tablet=&#8220;89px&#8220; top_divider_height_phone=&#8220;55px&#8220; top_divider_height_last_edited=&#8220;on|desktop&#8220; bottom_divider_style=&#8220;waves2&#8243; bottom_divider_color=&#8220;#1F9B97&#8243; bottom_divider_height=&#8220;48px&#8220; bottom_divider_flip=&#8220;horizontal&#8220; global_colors_info=&#8220;%91%93&#8243;][et_pb_row _builder_version=&#8220;4.27.4&#8243; _module_preset=&#8220;default&#8220; custom_margin=&#8220;2px|auto||auto||&#8220; custom_padding=&#8220;||0px|||&#8220; global_colors_info=&#8220;{}&#8220;][et_pb_column type=&#8220;4_4&#8243; _builder_version=&#8220;4.24.3&#8243; _module_preset=&#8220;default&#8220; global_colors_info=&#8220;{}&#8220;][et_pb_text _builder_version=&#8220;4.27.4&#8243; _module_preset=&#8220;default&#8220; header_text_align=&#8220;left&#8220; header_text_color=&#8220;#00625F&#8220; header_2_text_color=&#8220;#274042&#8243; custom_margin=&#8220;28px|||||&#8220; global_colors_info=&#8220;{}&#8220;]<\/p>\n<h2 style=\"text-align: center;\"><span style=\"color: #eafdfc;\">Snoozy Booth&#8217;s Alben<\/span><\/h2>\n<p>[\/et_pb_text][\/et_pb_column][\/et_pb_row][et_pb_row column_structure=&#8220;1_3,1_3,1_3&#8243; use_custom_gutter=&#8220;on&#8220; gutter_width=&#8220;2&#8243; _builder_version=&#8220;4.24.3&#8243; _module_preset=&#8220;default&#8220; global_colors_info=&#8220;{}&#8220;][et_pb_column type=&#8220;1_3&#8243; _builder_version=&#8220;4.24.3&#8243; _module_preset=&#8220;default&#8220; global_colors_info=&#8220;{}&#8220;][et_pb_text _builder_version=&#8220;4.24.3&#8243; _module_preset=&#8220;default&#8220; global_colors_info=&#8220;{}&#8220;]<iframe style=\"border-radius: 12px;\" src=\"https:\/\/open.spotify.com\/embed\/album\/438fUjldSfy6xf1GPOpuRf?utm_source=generator&#038;theme=0\" width=\"100%\" height=\"352\" frameborder=\"0\" allowfullscreen=\"\" allow=\"autoplay; clipboard-write; encrypted-media; fullscreen; picture-in-picture\" loading=\"lazy\"><\/iframe>[\/et_pb_text][\/et_pb_column][et_pb_column type=&#8220;1_3&#8243; _builder_version=&#8220;4.24.3&#8243; _module_preset=&#8220;default&#8220; global_colors_info=&#8220;{}&#8220;][et_pb_text _builder_version=&#8220;4.24.3&#8243; _module_preset=&#8220;default&#8220; global_colors_info=&#8220;{}&#8220;]<iframe style=\"border-radius: 12px;\" src=\"https:\/\/open.spotify.com\/embed\/album\/5YPEHAP9ywdmvrvo9RRYOO?utm_source=generator&#038;theme=0\" width=\"100%\" height=\"352\" frameborder=\"0\" allowfullscreen=\"\" allow=\"autoplay; clipboard-write; encrypted-media; fullscreen; picture-in-picture\" loading=\"lazy\"><\/iframe>[\/et_pb_text][\/et_pb_column][et_pb_column type=&#8220;1_3&#8243; _builder_version=&#8220;4.24.3&#8243; _module_preset=&#8220;default&#8220; global_colors_info=&#8220;{}&#8220;][et_pb_text _builder_version=&#8220;4.24.3&#8243; _module_preset=&#8220;default&#8220; global_colors_info=&#8220;{}&#8220;]<iframe style=\"border-radius: 12px;\" src=\"https:\/\/open.spotify.com\/embed\/album\/1TFtItHZQFxHSWVdpo1bJB?utm_source=generator&#038;theme=0\" width=\"100%\" height=\"352\" frameborder=\"0\" allowfullscreen=\"\" allow=\"autoplay; clipboard-write; encrypted-media; fullscreen; picture-in-picture\" loading=\"lazy\"><\/iframe>[\/et_pb_text][\/et_pb_column][\/et_pb_row][et_pb_row column_structure=&#8220;1_3,1_3,1_3&#8243; use_custom_gutter=&#8220;on&#8220; gutter_width=&#8220;2&#8243; _builder_version=&#8220;4.24.3&#8243; _module_preset=&#8220;default&#8220; global_colors_info=&#8220;{}&#8220;][et_pb_column type=&#8220;1_3&#8243; _builder_version=&#8220;4.24.3&#8243; _module_preset=&#8220;default&#8220; global_colors_info=&#8220;{}&#8220;][et_pb_text _builder_version=&#8220;4.24.3&#8243; _module_preset=&#8220;default&#8220; global_colors_info=&#8220;{}&#8220;]<iframe style=\"border-radius: 12px;\" src=\"https:\/\/open.spotify.com\/embed\/album\/4tL225TybpWqnJWXcR1OvY?utm_source=generator&#038;theme=0\" width=\"100%\" height=\"352\" frameborder=\"0\" allowfullscreen=\"\" allow=\"autoplay; clipboard-write; encrypted-media; fullscreen; picture-in-picture\" loading=\"lazy\"><\/iframe>[\/et_pb_text][\/et_pb_column][et_pb_column type=&#8220;1_3&#8243; _builder_version=&#8220;4.24.3&#8243; _module_preset=&#8220;default&#8220; global_colors_info=&#8220;{}&#8220;][et_pb_text _builder_version=&#8220;4.24.3&#8243; _module_preset=&#8220;default&#8220; global_colors_info=&#8220;{}&#8220;]<iframe style=\"border-radius: 12px;\" src=\"https:\/\/open.spotify.com\/embed\/album\/4K0xcQNRwOeiDE6K5SM5Ap?utm_source=generator&#038;theme=0\" width=\"100%\" height=\"352\" frameborder=\"0\" allowfullscreen=\"\" allow=\"autoplay; clipboard-write; encrypted-media; fullscreen; picture-in-picture\" loading=\"lazy\"><\/iframe>[\/et_pb_text][\/et_pb_column][et_pb_column type=&#8220;1_3&#8243; _builder_version=&#8220;4.24.3&#8243; _module_preset=&#8220;default&#8220; global_colors_info=&#8220;{}&#8220;][et_pb_text _builder_version=&#8220;4.24.3&#8243; _module_preset=&#8220;default&#8220; global_colors_info=&#8220;{}&#8220;]<iframe style=\"border-radius: 12px;\" src=\"https:\/\/open.spotify.com\/embed\/album\/6SzCntr6LIUSYrS3G10i9r?utm_source=generator&#038;theme=0\" width=\"100%\" height=\"352\" frameborder=\"0\" allowfullscreen=\"\" allow=\"autoplay; clipboard-write; encrypted-media; fullscreen; picture-in-picture\" loading=\"lazy\"><\/iframe>[\/et_pb_text][\/et_pb_column][\/et_pb_row][et_pb_row column_structure=&#8220;1_3,1_3,1_3&#8243; use_custom_gutter=&#8220;on&#8220; gutter_width=&#8220;2&#8243; admin_label=&#8220;Zeile&#8220; _builder_version=&#8220;4.24.3&#8243; _module_preset=&#8220;default&#8220; global_colors_info=&#8220;{}&#8220;][et_pb_column type=&#8220;1_3&#8243; _builder_version=&#8220;4.24.3&#8243; _module_preset=&#8220;default&#8220; global_colors_info=&#8220;{}&#8220;][et_pb_text _builder_version=&#8220;4.24.3&#8243; _module_preset=&#8220;default&#8220; global_colors_info=&#8220;{}&#8220;]<iframe style=\"border-radius: 12px;\" src=\"https:\/\/open.spotify.com\/embed\/album\/3vHYusWXx1yxqNI7YrEDho?utm_source=generator&#038;theme=0\" width=\"100%\" height=\"352\" frameborder=\"0\" allowfullscreen=\"\" allow=\"autoplay; clipboard-write; encrypted-media; fullscreen; picture-in-picture\" loading=\"lazy\"><\/iframe>[\/et_pb_text][\/et_pb_column][et_pb_column type=&#8220;1_3&#8243; _builder_version=&#8220;4.24.3&#8243; _module_preset=&#8220;default&#8220; global_colors_info=&#8220;{}&#8220;][et_pb_text _builder_version=&#8220;4.24.3&#8243; _module_preset=&#8220;default&#8220; global_colors_info=&#8220;{}&#8220;]<iframe style=\"border-radius: 12px;\" src=\"https:\/\/open.spotify.com\/embed\/album\/100sNrBKl7GrDF2LasvnsV?utm_source=generator&#038;theme=0\" width=\"100%\" height=\"352\" frameborder=\"0\" allowfullscreen=\"\" allow=\"autoplay; clipboard-write; encrypted-media; fullscreen; picture-in-picture\" loading=\"lazy\"><\/iframe>[\/et_pb_text][\/et_pb_column][et_pb_column type=&#8220;1_3&#8243; _builder_version=&#8220;4.24.3&#8243; _module_preset=&#8220;default&#8220; global_colors_info=&#8220;{}&#8220;][et_pb_text _builder_version=&#8220;4.24.3&#8243; _module_preset=&#8220;default&#8220; global_colors_info=&#8220;{}&#8220;]<iframe style=\"border-radius: 12px;\" src=\"https:\/\/open.spotify.com\/embed\/album\/25RsVSS0rNN1XtMEDkkpUU?utm_source=generator&#038;theme=0\" width=\"100%\" height=\"352\" frameborder=\"0\" allowfullscreen=\"\" allow=\"autoplay; clipboard-write; encrypted-media; fullscreen; picture-in-picture\" loading=\"lazy\"><\/iframe>[\/et_pb_text][\/et_pb_column][\/et_pb_row][et_pb_row column_structure=&#8220;1_3,1_3,1_3&#8243; use_custom_gutter=&#8220;on&#8220; gutter_width=&#8220;2&#8243; _builder_version=&#8220;4.24.3&#8243; _module_preset=&#8220;default&#8220; global_colors_info=&#8220;{}&#8220;][et_pb_column type=&#8220;1_3&#8243; _builder_version=&#8220;4.24.3&#8243; _module_preset=&#8220;default&#8220; global_colors_info=&#8220;{}&#8220;][et_pb_text _builder_version=&#8220;4.24.3&#8243; _module_preset=&#8220;default&#8220; global_colors_info=&#8220;{}&#8220;]<iframe style=\"border-radius: 12px;\" src=\"https:\/\/open.spotify.com\/embed\/album\/05WhfWNLKhKz9iJZMeR2JX?utm_source=generator&#038;theme=0\" width=\"100%\" height=\"352\" frameborder=\"0\" allowfullscreen=\"\" allow=\"autoplay; clipboard-write; encrypted-media; fullscreen; picture-in-picture\" loading=\"lazy\"><\/iframe>[\/et_pb_text][\/et_pb_column][et_pb_column type=&#8220;1_3&#8243; _builder_version=&#8220;4.24.3&#8243; _module_preset=&#8220;default&#8220; global_colors_info=&#8220;{}&#8220;][et_pb_text _builder_version=&#8220;4.24.3&#8243; _module_preset=&#8220;default&#8220; global_colors_info=&#8220;{}&#8220;]<iframe style=\"border-radius: 12px;\" src=\"https:\/\/open.spotify.com\/embed\/album\/1sbUR9fwYzG85N3I6kQFV6?utm_source=generator&#038;theme=0\" width=\"100%\" height=\"352\" frameborder=\"0\" allowfullscreen=\"\" allow=\"autoplay; clipboard-write; encrypted-media; fullscreen; picture-in-picture\" loading=\"lazy\"><\/iframe>[\/et_pb_text][\/et_pb_column][et_pb_column type=&#8220;1_3&#8243; _builder_version=&#8220;4.24.3&#8243; _module_preset=&#8220;default&#8220; global_colors_info=&#8220;{}&#8220;][et_pb_text _builder_version=&#8220;4.24.3&#8243; _module_preset=&#8220;default&#8220; global_colors_info=&#8220;{}&#8220;][\/et_pb_text][\/et_pb_column][\/et_pb_row][\/et_pb_section][et_pb_section fb_built=&#8220;1&#8243; _builder_version=&#8220;4.27.4&#8243; _module_preset=&#8220;default&#8220; background_color=&#8220;#1F9B97&#8243; custom_padding=&#8220;41px|||||&#8220; top_divider_style=&#8220;slant2&#8243; top_divider_color=&#8220;RGBA(255,255,255,0)&#8220; top_divider_flip=&#8220;horizontal&#8220; global_colors_info=&#8220;%91%93&#8243; use_background_color_gradient=&#8220;on&#8220; background_color_gradient_stops=&#8220;#1f9b97 1%|#103737 55%&#8220;][et_pb_row _builder_version=&#8220;4.24.3&#8243; _module_preset=&#8220;default&#8220; custom_margin=&#8220;2px|auto||auto||&#8220; custom_padding=&#8220;||0px|||&#8220; global_colors_info=&#8220;{}&#8220;][et_pb_column type=&#8220;4_4&#8243; _builder_version=&#8220;4.24.3&#8243; _module_preset=&#8220;default&#8220; global_colors_info=&#8220;{}&#8220;][et_pb_text _builder_version=&#8220;4.27.4&#8243; _module_preset=&#8220;default&#8220; header_text_align=&#8220;left&#8220; global_colors_info=&#8220;{}&#8220;]<\/p>\n<h2 style=\"text-align: center;\"><span style=\"color: #eafdfc;\">Snoozy Booth&#8217;s Singles und EPs<\/span><\/h2>\n<p>[\/et_pb_text][\/et_pb_column][\/et_pb_row][et_pb_row column_structure=&#8220;1_3,1_3,1_3&#8243; use_custom_gutter=&#8220;on&#8220; gutter_width=&#8220;2&#8243; _builder_version=&#8220;4.24.3&#8243; _module_preset=&#8220;default&#8220; global_colors_info=&#8220;{}&#8220;][et_pb_column type=&#8220;1_3&#8243; _builder_version=&#8220;4.24.3&#8243; _module_preset=&#8220;default&#8220; global_colors_info=&#8220;{}&#8220;][et_pb_text _builder_version=&#8220;4.24.3&#8243; _module_preset=&#8220;default&#8220; global_colors_info=&#8220;{}&#8220;]<iframe style=\"border-radius: 12px;\" src=\"https:\/\/open.spotify.com\/embed\/album\/3shxoESyB8Xa69rjfBYxJP?utm_source=generator&#038;theme=0\" width=\"100%\" height=\"352\" frameborder=\"0\" allowfullscreen=\"\" allow=\"autoplay; clipboard-write; encrypted-media; fullscreen; picture-in-picture\" loading=\"lazy\"><\/iframe>[\/et_pb_text][\/et_pb_column][et_pb_column type=&#8220;1_3&#8243; _builder_version=&#8220;4.24.3&#8243; _module_preset=&#8220;default&#8220; global_colors_info=&#8220;{}&#8220;][et_pb_text _builder_version=&#8220;4.24.3&#8243; _module_preset=&#8220;default&#8220; global_colors_info=&#8220;{}&#8220;]<iframe style=\"border-radius: 12px;\" src=\"https:\/\/open.spotify.com\/embed\/album\/0c88ZGtFV4NFnyjZTCv7Tn?utm_source=generator&#038;theme=0\" width=\"100%\" height=\"352\" frameborder=\"0\" allowfullscreen=\"\" allow=\"autoplay; clipboard-write; encrypted-media; fullscreen; picture-in-picture\" loading=\"lazy\"><\/iframe>[\/et_pb_text][\/et_pb_column][et_pb_column type=&#8220;1_3&#8243; _builder_version=&#8220;4.24.3&#8243; _module_preset=&#8220;default&#8220; global_colors_info=&#8220;{}&#8220;][et_pb_text _builder_version=&#8220;4.24.3&#8243; _module_preset=&#8220;default&#8220; global_colors_info=&#8220;{}&#8220;]<iframe style=\"border-radius: 12px;\" src=\"https:\/\/open.spotify.com\/embed\/track\/26MBKiRev8uL0PWSIZ5Knv?utm_source=generator&#038;theme=0\" width=\"100%\" height=\"100\" frameborder=\"0\" allowfullscreen=\"\" allow=\"autoplay; clipboard-write; encrypted-media; fullscreen; picture-in-picture\" loading=\"lazy\"><\/iframe><br \/>\n<iframe style=\"border-radius: 12px;\" src=\"https:\/\/open.spotify.com\/embed\/track\/40qomTD83hiCFba1AFsM0e?utm_source=generator&#038;theme=0\" width=\"100%\" height=\"100\" frameborder=\"0\" allowfullscreen=\"\" allow=\"autoplay; clipboard-write; encrypted-media; fullscreen; picture-in-picture\" loading=\"lazy\"><\/iframe><iframe style=\"border-radius: 12px;\" src=\"https:\/\/open.spotify.com\/embed\/album\/2X8G9cm6eJnpYl3TbaFjTO?utm_source=generator&#038;theme=0\" width=\"100%\" height=\"100\" frameborder=\"0\" allowfullscreen=\"\" allow=\"autoplay; clipboard-write; encrypted-media; fullscreen; picture-in-picture\" loading=\"lazy\"><\/iframe>[\/et_pb_text][\/et_pb_column][\/et_pb_row][et_pb_row column_structure=&#8220;1_3,1_3,1_3&#8243; use_custom_gutter=&#8220;on&#8220; gutter_width=&#8220;2&#8243; _builder_version=&#8220;4.24.3&#8243; _module_preset=&#8220;default&#8220; global_colors_info=&#8220;{}&#8220;][et_pb_column type=&#8220;1_3&#8243; _builder_version=&#8220;4.24.3&#8243; _module_preset=&#8220;default&#8220; global_colors_info=&#8220;{}&#8220;][et_pb_text _builder_version=&#8220;4.24.3&#8243; _module_preset=&#8220;default&#8220; global_colors_info=&#8220;{}&#8220;]<iframe style=\"border-radius: 12px;\" src=\"https:\/\/open.spotify.com\/embed\/album\/03COooGdYkvUUEpHBwiXmm?utm_source=generator&#038;theme=0\" width=\"100%\" height=\"352\" frameborder=\"0\" allowfullscreen=\"\" allow=\"autoplay; clipboard-write; encrypted-media; fullscreen; picture-in-picture\" loading=\"lazy\"><\/iframe>[\/et_pb_text][\/et_pb_column][et_pb_column type=&#8220;1_3&#8243; _builder_version=&#8220;4.24.3&#8243; _module_preset=&#8220;default&#8220; global_colors_info=&#8220;{}&#8220;][et_pb_text _builder_version=&#8220;4.24.3&#8243; _module_preset=&#8220;default&#8220; global_colors_info=&#8220;{}&#8220;]<iframe style=\"border-radius: 12px;\" src=\"https:\/\/open.spotify.com\/embed\/album\/0oJgNR9b3h3nwAFh5g7YoQ?utm_source=generator&#038;theme=0\" width=\"100%\" height=\"352\" frameborder=\"0\" allowfullscreen=\"\" allow=\"autoplay; clipboard-write; encrypted-media; fullscreen; picture-in-picture\" loading=\"lazy\"><\/iframe>[\/et_pb_text][\/et_pb_column][et_pb_column type=&#8220;1_3&#8243; _builder_version=&#8220;4.24.3&#8243; _module_preset=&#8220;default&#8220; global_colors_info=&#8220;{}&#8220;][et_pb_text _builder_version=&#8220;4.24.3&#8243; _module_preset=&#8220;default&#8220; global_colors_info=&#8220;{}&#8220;]<iframe style=\"border-radius: 12px;\" src=\"https:\/\/open.spotify.com\/embed\/track\/6l2CBbVqdKNuOK1YOrX8kV?utm_source=generator&#038;theme=0\" width=\"100%\" height=\"100\" frameborder=\"0\" allowfullscreen=\"\" allow=\"autoplay; clipboard-write; encrypted-media; fullscreen; picture-in-picture\" loading=\"lazy\"><\/iframe>[\/et_pb_text][\/et_pb_column][\/et_pb_row][\/et_pb_section]<\/p>\n","protected":false},"excerpt":{"rendered":"<p>Snoozy Booth Zeitgleich mit meinem Teamprojekt Lo-Fi-Section rief ich 2020 den Lo-Fi Artist Snoozy Booth ins Leben. Mit einem Output von mindestens 52 Lo-FI Cover Songs pro Jahr startete ich 2021 und 2022 durch. 2023 konzetrierte ich mich auf andere Projekte wie das Erstellen dieser Webseite, und meinem ersten originalen Lo-Fi Jazz Album unter dem [&hellip;]<\/p>\n","protected":false},"author":1,"featured_media":0,"parent":449,"menu_order":0,"comment_status":"closed","ping_status":"closed","template":"","meta":{"_et_pb_use_builder":"on","_et_pb_old_content":"","_et_gb_content_width":"","footnotes":""},"class_list":["post-468","page","type-page","status-publish","hentry"],"_links":{"self":[{"href":"https:\/\/elliasmeinel.de\/en\/wp-json\/wp\/v2\/pages\/468","targetHints":{"allow":["GET"]}}],"collection":[{"href":"https:\/\/elliasmeinel.de\/en\/wp-json\/wp\/v2\/pages"}],"about":[{"href":"https:\/\/elliasmeinel.de\/en\/wp-json\/wp\/v2\/types\/page"}],"author":[{"embeddable":true,"href":"https:\/\/elliasmeinel.de\/en\/wp-json\/wp\/v2\/users\/1"}],"replies":[{"embeddable":true,"href":"https:\/\/elliasmeinel.de\/en\/wp-json\/wp\/v2\/comments?post=468"}],"version-history":[{"count":16,"href":"https:\/\/elliasmeinel.de\/en\/wp-json\/wp\/v2\/pages\/468\/revisions"}],"predecessor-version":[{"id":1777,"href":"https:\/\/elliasmeinel.de\/en\/wp-json\/wp\/v2\/pages\/468\/revisions\/1777"}],"up":[{"embeddable":true,"href":"https:\/\/elliasmeinel.de\/en\/wp-json\/wp\/v2\/pages\/449"}],"wp:attachment":[{"href":"https:\/\/elliasmeinel.de\/en\/wp-json\/wp\/v2\/media?parent=468"}],"curies":[{"name":"wp","href":"https:\/\/api.w.org\/{rel}","templated":true}]}}