{"id":474,"date":"2024-04-10T11:54:53","date_gmt":"2024-04-10T09:54:53","guid":{"rendered":"https:\/\/elliasmeinel.de\/?page_id=474"},"modified":"2025-07-30T17:45:47","modified_gmt":"2025-07-30T15:45:47","slug":"studio-leipzig","status":"publish","type":"page","link":"https:\/\/elliasmeinel.de\/en\/projekte\/studio-leipzig\/","title":{"rendered":"Studio Leipzig"},"content":{"rendered":"<p>[et_pb_section fb_built=&#8220;1&#8243; _builder_version=&#8220;4.27.4&#8243; _module_preset=&#8220;default&#8220; background_color=&#8220;#1F9B97&#8243; custom_padding=&#8220;3px||3px|||&#8220; bottom_divider_style=&#8220;wave2&#8243; bottom_divider_color=&#8220;#274042&#8243; bottom_divider_height=&#8220;49px&#8220; bottom_divider_flip=&#8220;horizontal&#8220; hover_enabled=&#8220;0&#8243; global_colors_info=&#8220;%91%93&#8243; sticky_enabled=&#8220;0&#8243;][et_pb_row _builder_version=&#8220;4.24.3&#8243; _module_preset=&#8220;default&#8220; custom_padding=&#8220;60px|||||&#8220; global_colors_info=&#8220;{}&#8220;][et_pb_column type=&#8220;4_4&#8243; _builder_version=&#8220;4.24.3&#8243; _module_preset=&#8220;default&#8220; global_colors_info=&#8220;{}&#8220;][et_pb_text _builder_version=&#8220;4.24.3&#8243; _module_preset=&#8220;default&#8220; header_text_color=&#8220;#274042&#8243; custom_margin=&#8220;||32px|||&#8220; global_colors_info=&#8220;{}&#8220;]<\/p>\n<h1><span style=\"color: #eafdfc;\">Studio Leipzig<\/span><\/h1>\n<p>[\/et_pb_text][\/et_pb_column][\/et_pb_row][\/et_pb_section][et_pb_section fb_built=&#8220;1&#8243; _builder_version=&#8220;4.27.4&#8243; _module_preset=&#8220;default&#8220; custom_padding=&#8220;0px|||||&#8220; global_colors_info=&#8220;%91%93&#8243;][et_pb_row column_structure=&#8220;2_3,1_3&#8243; _builder_version=&#8220;4.24.3&#8243; _module_preset=&#8220;default&#8220; global_colors_info=&#8220;{}&#8220;][et_pb_column type=&#8220;2_3&#8243; _builder_version=&#8220;4.24.3&#8243; _module_preset=&#8220;default&#8220; global_colors_info=&#8220;{}&#8220;][et_pb_text _builder_version=&#8220;4.27.4&#8243; _module_preset=&#8220;default&#8220; global_colors_info=&#8220;{}&#8220;]<\/p>\n<p><span style=\"color: #d7eae9;\">\u200bIm Jahr 2021 hatten mein guter Freund und Schlagzeuger <span style=\"color: #4ed4c1;\"><a href=\"https:\/\/www.instagram.com\/yannick.schewedrums\/\" style=\"color: #4ed4c1;\" target=\"_blank\" rel=\"noopener\">Yannick<\/a><\/span> und ich enormes Gl\u00fcck. Nach langer Suche nach einer geeigneten R\u00e4umlichkeit fanden wir auf Ebay die Anzeige eines privaten Vermieters, der es uns erm\u00f6glichte unseren lang ersehnten Traum wahr werden zu lassen&#8230; unser erstes eigenes Tonstudio.<\/span><\/p>\n<p><span style=\"color: #d7eae9;\">Wir verbrachten die ersten zwei Monate des Jahres damit den sch\u00e4bigen neunzehn Quadratmeterraum in einem abgelegenen Geb\u00e4ude im Leipziger Stadtteil Leutzsch zu unserem akustisch behandelten Creative-Space auszubauen.<\/span><\/p>\n<p><span style=\"color: #d7eae9;\">Seitdem nehmen wir dort haupts\u00e4chlich, Schlagzeug, Vocals sowie Akustikinstrumente auf. F\u00fcr eine ordenliche Mixing-Referenz ist der Raum aber zu klein und zu weit weg, weshalb wir ihn lediglich zum Produzieren und Recorden verwenden.<\/span><\/p>\n<h2><span style=\"color: #d7eae9;\">Yannick Schewe&#8217;s Bio:<\/span><\/h2>\n<p><span style=\"color: #d7eae9;\">Yannick ist ein unabh\u00e4ngiger Schlagzeuger und Perkussionist und lebt aktuell in Leipzig, Deutschland.<\/span><br \/><span style=\"color: #d7eae9;\">Im Alter von drei Jahren entfaltete sich seine Leidenschaft f\u00fcrs Schlagzeugspielen als ein guter Freund seines Gro\u00dfvaters einen Gastauftritt mit seiner Band zu dessen Geburtstag organsierte.<\/span><\/p>\n<p><span style=\"color: #d7eae9;\">Seit dem gab es vielen Meilensteine auf dem Weg als angehender Schlagzeuger. Von diversen Sch\u00fclerbandprojekten \u00fcber unglaublich wertvolle und lehrreiche Zeiten im Rahmen von Kindern &amp; Jugendlichen gestalteten Musicals bis hin zur Studioarbeit zum Genre \u201eLofi\u201c mit seinem guten Freund Ellias Meinel. Neben Live Arrangements hat insbesondere die Studioarbeit sein aktuelles Spielen nachhaltig gepr\u00e4gt und beeinflusst. \u00dcber die Jahre f\u00fchlt er sich in vielen Musikstilen sehr wohl, besonders aber in den Bereichen Pop, Rock, Jazz\/Fusion und Lofi.<\/span><\/p>\n<blockquote>\n<p><span style=\"color: #d7eae9;\">\u201eEin guter Schlagzeuger dient dem Song \u2013 nicht seinem Ego.\u201c<\/span><\/p>\n<\/blockquote>\n<p><span style=\"color: #d7eae9;\">Herzlichst, <span style=\"color: #4ed4c1;\"><a href=\"https:\/\/www.instagram.com\/yannick.schewedrums\/\" style=\"color: #4ed4c1;\" target=\"_blank\" rel=\"noopener\">Yannick<\/a><\/span><\/span><\/p>\n<p>[\/et_pb_text][\/et_pb_column][et_pb_column type=&#8220;1_3&#8243; _builder_version=&#8220;4.24.3&#8243; _module_preset=&#8220;default&#8220; global_colors_info=&#8220;{}&#8220;][et_pb_gallery gallery_ids=&#8220;784,783&#8243; _builder_version=&#8220;4.27.4&#8243; _module_preset=&#8220;default&#8220; border_radii_image=&#8220;on|12px|12px|12px|12px&#8220; global_colors_info=&#8220;{}&#8220;][\/et_pb_gallery][\/et_pb_column][\/et_pb_row][\/et_pb_section]<\/p>\n","protected":false},"excerpt":{"rendered":"<p>Studio Leipzig\u200bIm Jahr 2021 hatten mein guter Freund und Schlagzeuger Yannick und ich enormes Gl\u00fcck. Nach langer Suche nach einer geeigneten R\u00e4umlichkeit fanden wir auf Ebay die Anzeige eines privaten Vermieters, der es uns erm\u00f6glichte unseren lang ersehnten Traum wahr werden zu lassen&#8230; unser erstes eigenes Tonstudio. Wir verbrachten die ersten zwei Monate des Jahres [&hellip;]<\/p>\n","protected":false},"author":1,"featured_media":0,"parent":449,"menu_order":0,"comment_status":"closed","ping_status":"closed","template":"","meta":{"_et_pb_use_builder":"on","_et_pb_old_content":"","_et_gb_content_width":"","footnotes":""},"class_list":["post-474","page","type-page","status-publish","hentry"],"_links":{"self":[{"href":"https:\/\/elliasmeinel.de\/en\/wp-json\/wp\/v2\/pages\/474","targetHints":{"allow":["GET"]}}],"collection":[{"href":"https:\/\/elliasmeinel.de\/en\/wp-json\/wp\/v2\/pages"}],"about":[{"href":"https:\/\/elliasmeinel.de\/en\/wp-json\/wp\/v2\/types\/page"}],"author":[{"embeddable":true,"href":"https:\/\/elliasmeinel.de\/en\/wp-json\/wp\/v2\/users\/1"}],"replies":[{"embeddable":true,"href":"https:\/\/elliasmeinel.de\/en\/wp-json\/wp\/v2\/comments?post=474"}],"version-history":[{"count":9,"href":"https:\/\/elliasmeinel.de\/en\/wp-json\/wp\/v2\/pages\/474\/revisions"}],"predecessor-version":[{"id":1793,"href":"https:\/\/elliasmeinel.de\/en\/wp-json\/wp\/v2\/pages\/474\/revisions\/1793"}],"up":[{"embeddable":true,"href":"https:\/\/elliasmeinel.de\/en\/wp-json\/wp\/v2\/pages\/449"}],"wp:attachment":[{"href":"https:\/\/elliasmeinel.de\/en\/wp-json\/wp\/v2\/media?parent=474"}],"curies":[{"name":"wp","href":"https:\/\/api.w.org\/{rel}","templated":true}]}}